{"id":3940,"date":"2017-05-08T10:30:52","date_gmt":"2017-05-08T08:30:52","guid":{"rendered":"https:\/\/blog.ensalza.com\/?page_id=3940"},"modified":"2026-03-25T15:52:08","modified_gmt":"2026-03-25T14:52:08","slug":"que-es-un-vlog","status":"publish","type":"page","link":"https:\/\/www.ensalza.com\/blog\/diccionario\/que-es-un-vlog\/","title":{"rendered":"\u00bfQu\u00e9 es un vlog?"},"content":{"rendered":"<h2>\u00bfQu\u00e9 es un vlog?<\/h2>\n<p>Un vlog es <strong>un blog que publica sus contenidos en formato v\u00eddeo<\/strong>. Se escribe con V por la <strong>fusi\u00f3n entre V\u00eddeo + Blog<\/strong>: VLOG. Al responsable m\u00e1ximo\u00a0de\u00a0un vlog se le conoce como <strong>vlogger<\/strong>. En un vlog, los v\u00eddeos se ordenan cronol\u00f3gicamente, igual que los art\u00edculos de un blog con contenido en texto normal. Las tem\u00e1ticas de los vlogs son muy variadas, desde recetas y peinados hasta videojuegos y tutoriales.<\/p>\n<p>Los vloggers utilizan principalmente como plataforma para subir su contenido Youtube, aunque hay otras muy utilizadas como Vimeo o DailyMotion. Se recomienda que los v\u00eddeos no superen los 10-12 minutos para mantener la atenci\u00f3n del usuario.<\/p>\n<h2>Recursos esenciales para crear un buen vlog<\/h2>\n<p><img decoding=\"async\" class=\"wp-image-15158 size-full alignright\" title=\"Qu\u00e9 es un Vlog\" src=\"https:\/\/blog.ensalza.com\/wp-content\/uploads\/que-es-un-vlog-1.jpg\" alt=\"definicion de vlog\" width=\"205\" height=\"205\" srcset=\"https:\/\/www.ensalza.com\/blog\/wp-content\/uploads\/que-es-un-vlog-1.jpg 205w, https:\/\/www.ensalza.com\/blog\/wp-content\/uploads\/que-es-un-vlog-1-150x150.jpg 150w\" sizes=\"(max-width: 205px) 100vw, 205px\" \/><\/p>\n<ul>\n<li>Definir <strong>una tem\u00e1tica concreta y precisa:\u00a0<\/strong>moda, comida, naturaleza, videojuegos&#8230; los temas son infinitos.<\/li>\n<li>Una c\u00e1mara para grabarse: \u00a1fundamental! \u00bfC\u00f3mo vas a grabarte si no tienes una c\u00e1mara? Si est\u00e1s empezando puedes probar a grabarte con el m\u00f3vil que \u00faltimamente incorporan c\u00e1maras bastante buenas. Nuestra recomendaci\u00f3n, sin embargo, es que tengas una c\u00e1mara en condiciones que est\u00e9 a la altura.<\/li>\n<li>Un ordenador que permita una buena edici\u00f3n de v\u00eddeo: esencial. Para que un v\u00eddeo sea atractivo y se visualice hasta el final hay que editarlo de tal manera que mantenga al espectador pegado a la c\u00e1mara. No es porque sea mi compa\u00f1ero, pero es que <a href=\"https:\/\/www.youtube.com\/watch?v=exewNGF-L-U&amp;t=46s\" target=\"_blank\" rel=\"noopener noreferrer\">\u00c1lex esto lo hace a la perfecci\u00f3n<\/a>.<\/li>\n<li>Para nivel pro: equipo de sonido e iluminaci\u00f3n<\/li>\n<\/ul>\n<p>&nbsp;<\/p>\n<h2>Ejemplos de canales de vlog interesantes:<\/h2>\n<h3>#1. <a href=\"https:\/\/www.youtube.com\/channel\/UCG9qzP4B860yuGgRqMRRdpA?reload=9\" target=\"_blank\" rel=\"noopener noreferrer\">Rutas de \u00c1lex<\/a><\/h3>\n<p>Nuestro vlogger favorito, pilar esencial en\u00a0Ensalza, tiene un canal de Youtube&#8230; \u00a1MEGATOP!. Se trata de un canal de Youtube dedicado a rutas de viajes internacionaAlex, nacionAlex y rutas por la monta\u00f1a. Como ves, cumple con la tem\u00e1tica concreta y precisa, hay una c\u00e1mara para grabarse y un ordenador para editar los v\u00eddeos y hacerlos m\u00e1s atractivos.\u00a0En este caso, el tema de la iluminaci\u00f3n queda en segundo plano por tratarse de grabaciones con la luz natural del d\u00eda o la noche.<\/p>\n<p>\u00a1Visita el canal que te vas a re\u00edr bastante!<\/p>\n<figure id=\"attachment_8026\" aria-describedby=\"caption-attachment-8026\" style=\"width: 640px\" class=\"wp-caption aligncenter\"><img fetchpriority=\"high\" decoding=\"async\" class=\"wp-image-8026 size-full\" src=\"https:\/\/blog.ensalza.com\/wp-content\/uploads\/que-es-un-vlog.jpg\" alt=\"qu\u00e9 es un vlog\" width=\"650\" height=\"431\" srcset=\"https:\/\/www.ensalza.com\/blog\/wp-content\/uploads\/que-es-un-vlog.jpg 650w, https:\/\/www.ensalza.com\/blog\/wp-content\/uploads\/que-es-un-vlog-550x365.jpg 550w, https:\/\/www.ensalza.com\/blog\/wp-content\/uploads\/que-es-un-vlog-267x177.jpg 267w, https:\/\/www.ensalza.com\/blog\/wp-content\/uploads\/que-es-un-vlog-610x404.jpg 610w\" sizes=\"(max-width: 650px) 100vw, 650px\" \/><figcaption id=\"caption-attachment-8026\" class=\"wp-caption-text\">Canal de vlog de Rutas de \u00c1lex<\/figcaption><\/figure>\n<p>&nbsp;<\/p>\n<h3>#2. <a href=\"https:\/\/www.youtube.com\/channel\/UCPBX37mvfmpZdFVKwZI5xpQ\" target=\"_blank\" rel=\"noopener noreferrer\">El marketing today<\/a><\/h3>\n<p>Estos vloggers son ca\u00f1eros y no tienen pelos en la lengua. Nos encanta de ellos que persiguen la honestidad y la franqueza y \u00a1no dejar a nadie indiferente! Os recomendamos que ech\u00e9is un vistazo a su canal porque son risas aseguradas.<\/p>\n<figure id=\"attachment_8027\" aria-describedby=\"caption-attachment-8027\" style=\"width: 640px\" class=\"wp-caption aligncenter\"><img decoding=\"async\" class=\"wp-image-8027 size-medium\" src=\"https:\/\/blog.ensalza.com\/wp-content\/uploads\/que-es-un-vlog-2-650x420.jpg\" alt=\"que-es-un-vlog\" width=\"650\" height=\"420\" srcset=\"https:\/\/www.ensalza.com\/blog\/wp-content\/uploads\/que-es-un-vlog-2-650x420.jpg 650w, https:\/\/www.ensalza.com\/blog\/wp-content\/uploads\/que-es-un-vlog-2-550x355.jpg 550w, https:\/\/www.ensalza.com\/blog\/wp-content\/uploads\/que-es-un-vlog-2-274x177.jpg 274w, https:\/\/www.ensalza.com\/blog\/wp-content\/uploads\/que-es-un-vlog-2-610x394.jpg 610w, https:\/\/www.ensalza.com\/blog\/wp-content\/uploads\/que-es-un-vlog-2.jpg 655w\" sizes=\"(max-width: 650px) 100vw, 650px\" \/><figcaption id=\"caption-attachment-8027\" class=\"wp-caption-text\">Canal de Youtube de El Marketing Today<\/figcaption><\/figure>\n<p>&nbsp;<\/p>\n<p>Por \u00faltimo, antes de marcharte te recomendamos que eches un vistazo a <a href=\"https:\/\/blog.ensalza.com\/como-insertar-un-video-de-youtube-en-tu-pagina-web\/\">c\u00f3mo insertar un v\u00eddeo de Youtube en tu web<\/a>. Aunque no sea tuyo, siempre es un buen m\u00e9todo de dar m\u00e1s informaci\u00f3n a los usuarios que llegan a tu sitio y, adem\u00e1s, aumentas el tiempo en el sitio.<\/p>\n<p>Si tienes cualquier duda sobre qu\u00e9 es un vlog o cualquier otra cosa relacionada con el <a href=\"https:\/\/www.ensalza.com\/\" target=\"_blank\" rel=\"noopener noreferrer\">dise\u00f1o web<\/a> y el marketing echa un vistazo a nuestro blog por si ya hemos tratado el tema antes o escr\u00edbenos a trav\u00e9s de nuestra cuenta de Twitter @ensalzacom.<\/p>\n","protected":false},"excerpt":{"rendered":"<p>\u00bfQu\u00e9 es un vlog? Un vlog es un blog que publica sus contenidos en formato v\u00eddeo. Se escribe con V por la fusi\u00f3n entre V\u00eddeo + Blog: VLOG. Al responsable m\u00e1ximo\u00a0de\u00a0un vlog se le conoce como vlogger. En un vlog, los v\u00eddeos se ordenan cronol\u00f3gicamente, igual que los art\u00edculos de un blog con contenido en &#8230; <a title=\"\u00bfQu\u00e9 es un vlog?\" class=\"read-more\" href=\"https:\/\/www.ensalza.com\/blog\/diccionario\/que-es-un-vlog\/\" aria-label=\"Leer m\u00e1s sobre \u00bfQu\u00e9 es un vlog?\">Leer m\u00e1s<\/a><\/p>\n","protected":false},"author":9,"featured_media":0,"parent":3908,"menu_order":0,"comment_status":"closed","ping_status":"closed","template":"","meta":{"yasr_overall_rating":0,"yasr_post_is_review":"","yasr_auto_insert_disabled":"","yasr_review_type":"BlogPosting","footnotes":""},"class_list":["post-3940","page","type-page","status-publish"],"yoast_head":"<!-- This site is optimized with the Yoast SEO plugin v27.3 - https:\/\/yoast.com\/product\/yoast-seo-wordpress\/ -->\n<title>\u00bfQu\u00e9 es un vlog? \u00bfQu\u00e9 es un vlogger? \u00bfQu\u00e9 se necesita para crear uno?<\/title>\n<meta name=\"description\" content=\"\u00bfQu\u00e9 es un vlog?, \u00bfpara qu\u00e9 sirve? \u00bfqui\u00e9n puede crear uno? Entra y descubre este y otros t\u00e9rminos en nuestro diccionario de Ensalza.\" \/>\n<meta name=\"robots\" content=\"noindex, nofollow\" \/>\n<meta property=\"og:locale\" content=\"es_ES\" \/>\n<meta property=\"og:type\" content=\"article\" \/>\n<meta property=\"og:title\" content=\"\u00bfQu\u00e9 es un vlog? \u00bfQu\u00e9 es un vlogger? \u00bfQu\u00e9 se necesita para crear uno?\" \/>\n<meta property=\"og:description\" content=\"\u00bfQu\u00e9 es un vlog?, \u00bfpara qu\u00e9 sirve? \u00bfqui\u00e9n puede crear uno? Entra y descubre este y otros t\u00e9rminos en nuestro diccionario de Ensalza.\" \/>\n<meta property=\"og:url\" content=\"https:\/\/www.ensalza.com\/blog\/diccionario\/que-es-un-vlog\/\" \/>\n<meta property=\"og:site_name\" content=\"el blog donde las ideas toman forma\" \/>\n<meta property=\"article:modified_time\" content=\"2026-03-25T14:52:08+00:00\" \/>\n<meta property=\"og:image\" content=\"https:\/\/www.ensalza.com\/blog\/wp-content\/uploads\/que-es-un-vlog-1.jpg\" \/>\n\t<meta property=\"og:image:width\" content=\"205\" \/>\n\t<meta property=\"og:image:height\" content=\"205\" \/>\n\t<meta property=\"og:image:type\" content=\"image\/jpeg\" \/>\n<meta name=\"twitter:card\" content=\"summary_large_image\" \/>\n<meta name=\"twitter:site\" content=\"@ensalzacom\" \/>\n<meta name=\"twitter:label1\" content=\"Tiempo de lectura\" \/>\n\t<meta name=\"twitter:data1\" content=\"3 minutos\" \/>\n<script type=\"application\/ld+json\" class=\"yoast-schema-graph\">{\"@context\":\"https:\\\/\\\/schema.org\",\"@graph\":[{\"@type\":\"WebPage\",\"@id\":\"https:\\\/\\\/www.ensalza.com\\\/blog\\\/diccionario\\\/que-es-un-vlog\\\/\",\"url\":\"https:\\\/\\\/www.ensalza.com\\\/blog\\\/diccionario\\\/que-es-un-vlog\\\/\",\"name\":\"\u00bfQu\u00e9 es un vlog? \u00bfQu\u00e9 es un vlogger? \u00bfQu\u00e9 se necesita para crear uno?\",\"isPartOf\":{\"@id\":\"https:\\\/\\\/www.ensalza.com\\\/blog\\\/#website\"},\"primaryImageOfPage\":{\"@id\":\"https:\\\/\\\/www.ensalza.com\\\/blog\\\/diccionario\\\/que-es-un-vlog\\\/#primaryimage\"},\"image\":{\"@id\":\"https:\\\/\\\/www.ensalza.com\\\/blog\\\/diccionario\\\/que-es-un-vlog\\\/#primaryimage\"},\"thumbnailUrl\":\"https:\\\/\\\/blog.ensalza.com\\\/wp-content\\\/uploads\\\/que-es-un-vlog-1.jpg\",\"datePublished\":\"2017-05-08T08:30:52+00:00\",\"dateModified\":\"2026-03-25T14:52:08+00:00\",\"description\":\"\u00bfQu\u00e9 es un vlog?, \u00bfpara qu\u00e9 sirve? \u00bfqui\u00e9n puede crear uno? Entra y descubre este y otros t\u00e9rminos en nuestro diccionario de Ensalza.\",\"breadcrumb\":{\"@id\":\"https:\\\/\\\/www.ensalza.com\\\/blog\\\/diccionario\\\/que-es-un-vlog\\\/#breadcrumb\"},\"inLanguage\":\"es\",\"potentialAction\":[{\"@type\":\"ReadAction\",\"target\":[\"https:\\\/\\\/www.ensalza.com\\\/blog\\\/diccionario\\\/que-es-un-vlog\\\/\"]}]},{\"@type\":\"ImageObject\",\"inLanguage\":\"es\",\"@id\":\"https:\\\/\\\/www.ensalza.com\\\/blog\\\/diccionario\\\/que-es-un-vlog\\\/#primaryimage\",\"url\":\"https:\\\/\\\/blog.ensalza.com\\\/wp-content\\\/uploads\\\/que-es-un-vlog-1.jpg\",\"contentUrl\":\"https:\\\/\\\/blog.ensalza.com\\\/wp-content\\\/uploads\\\/que-es-un-vlog-1.jpg\"},{\"@type\":\"BreadcrumbList\",\"@id\":\"https:\\\/\\\/www.ensalza.com\\\/blog\\\/diccionario\\\/que-es-un-vlog\\\/#breadcrumb\",\"itemListElement\":[{\"@type\":\"ListItem\",\"position\":1,\"name\":\"Inicio\",\"item\":\"https:\\\/\\\/www.ensalza.com\\\/blog\\\/\"},{\"@type\":\"ListItem\",\"position\":2,\"name\":\"Diccionario Ensalza\",\"item\":\"https:\\\/\\\/www.ensalza.com\\\/blog\\\/diccionario\\\/\"},{\"@type\":\"ListItem\",\"position\":3,\"name\":\"\u00bfQu\u00e9 es un vlog?\"}]},{\"@type\":\"WebSite\",\"@id\":\"https:\\\/\\\/www.ensalza.com\\\/blog\\\/#website\",\"url\":\"https:\\\/\\\/www.ensalza.com\\\/blog\\\/\",\"name\":\"el blog donde las ideas toman forma\",\"description\":\"Somos Ensalza, una agencia diferente ;)\",\"publisher\":{\"@id\":\"https:\\\/\\\/www.ensalza.com\\\/blog\\\/#organization\"},\"potentialAction\":[{\"@type\":\"SearchAction\",\"target\":{\"@type\":\"EntryPoint\",\"urlTemplate\":\"https:\\\/\\\/www.ensalza.com\\\/blog\\\/?s={search_term_string}\"},\"query-input\":{\"@type\":\"PropertyValueSpecification\",\"valueRequired\":true,\"valueName\":\"search_term_string\"}}],\"inLanguage\":\"es\"},{\"@type\":\"Organization\",\"@id\":\"https:\\\/\\\/www.ensalza.com\\\/blog\\\/#organization\",\"name\":\"Ensalza: agencia de desarrollo y dise\u00f1o web Madrid\",\"url\":\"https:\\\/\\\/www.ensalza.com\\\/blog\\\/\",\"logo\":{\"@type\":\"ImageObject\",\"inLanguage\":\"es\",\"@id\":\"https:\\\/\\\/www.ensalza.com\\\/blog\\\/#\\\/schema\\\/logo\\\/image\\\/\",\"url\":\"https:\\\/\\\/www.ensalza.com\\\/blog\\\/wp-content\\\/uploads\\\/logo-blog-ensalza-1.png\",\"contentUrl\":\"https:\\\/\\\/www.ensalza.com\\\/blog\\\/wp-content\\\/uploads\\\/logo-blog-ensalza-1.png\",\"width\":521,\"height\":147,\"caption\":\"Ensalza: agencia de desarrollo y dise\u00f1o web Madrid\"},\"image\":{\"@id\":\"https:\\\/\\\/www.ensalza.com\\\/blog\\\/#\\\/schema\\\/logo\\\/image\\\/\"},\"sameAs\":[\"https:\\\/\\\/x.com\\\/ensalzacom\",\"https:\\\/\\\/instagram.com\\\/ensalza\",\"https:\\\/\\\/www.linkedin.com\\\/company\\\/ensalza\"]},false]}<\/script>\n<!-- \/ Yoast SEO plugin. -->","yoast_head_json":{"title":"\u00bfQu\u00e9 es un vlog? \u00bfQu\u00e9 es un vlogger? \u00bfQu\u00e9 se necesita para crear uno?","description":"\u00bfQu\u00e9 es un vlog?, \u00bfpara qu\u00e9 sirve? \u00bfqui\u00e9n puede crear uno? Entra y descubre este y otros t\u00e9rminos en nuestro diccionario de Ensalza.","robots":{"index":"noindex","follow":"nofollow"},"og_locale":"es_ES","og_type":"article","og_title":"\u00bfQu\u00e9 es un vlog? \u00bfQu\u00e9 es un vlogger? \u00bfQu\u00e9 se necesita para crear uno?","og_description":"\u00bfQu\u00e9 es un vlog?, \u00bfpara qu\u00e9 sirve? \u00bfqui\u00e9n puede crear uno? Entra y descubre este y otros t\u00e9rminos en nuestro diccionario de Ensalza.","og_url":"https:\/\/www.ensalza.com\/blog\/diccionario\/que-es-un-vlog\/","og_site_name":"el blog donde las ideas toman forma","article_modified_time":"2026-03-25T14:52:08+00:00","og_image":[{"width":205,"height":205,"url":"https:\/\/www.ensalza.com\/blog\/wp-content\/uploads\/que-es-un-vlog-1.jpg","type":"image\/jpeg"}],"twitter_card":"summary_large_image","twitter_site":"@ensalzacom","twitter_misc":{"Tiempo de lectura":"3 minutos"},"schema":{"@context":"https:\/\/schema.org","@graph":[{"@type":"WebPage","@id":"https:\/\/www.ensalza.com\/blog\/diccionario\/que-es-un-vlog\/","url":"https:\/\/www.ensalza.com\/blog\/diccionario\/que-es-un-vlog\/","name":"\u00bfQu\u00e9 es un vlog? \u00bfQu\u00e9 es un vlogger? \u00bfQu\u00e9 se necesita para crear uno?","isPartOf":{"@id":"https:\/\/www.ensalza.com\/blog\/#website"},"primaryImageOfPage":{"@id":"https:\/\/www.ensalza.com\/blog\/diccionario\/que-es-un-vlog\/#primaryimage"},"image":{"@id":"https:\/\/www.ensalza.com\/blog\/diccionario\/que-es-un-vlog\/#primaryimage"},"thumbnailUrl":"https:\/\/blog.ensalza.com\/wp-content\/uploads\/que-es-un-vlog-1.jpg","datePublished":"2017-05-08T08:30:52+00:00","dateModified":"2026-03-25T14:52:08+00:00","description":"\u00bfQu\u00e9 es un vlog?, \u00bfpara qu\u00e9 sirve? \u00bfqui\u00e9n puede crear uno? Entra y descubre este y otros t\u00e9rminos en nuestro diccionario de Ensalza.","breadcrumb":{"@id":"https:\/\/www.ensalza.com\/blog\/diccionario\/que-es-un-vlog\/#breadcrumb"},"inLanguage":"es","potentialAction":[{"@type":"ReadAction","target":["https:\/\/www.ensalza.com\/blog\/diccionario\/que-es-un-vlog\/"]}]},{"@type":"ImageObject","inLanguage":"es","@id":"https:\/\/www.ensalza.com\/blog\/diccionario\/que-es-un-vlog\/#primaryimage","url":"https:\/\/blog.ensalza.com\/wp-content\/uploads\/que-es-un-vlog-1.jpg","contentUrl":"https:\/\/blog.ensalza.com\/wp-content\/uploads\/que-es-un-vlog-1.jpg"},{"@type":"BreadcrumbList","@id":"https:\/\/www.ensalza.com\/blog\/diccionario\/que-es-un-vlog\/#breadcrumb","itemListElement":[{"@type":"ListItem","position":1,"name":"Inicio","item":"https:\/\/www.ensalza.com\/blog\/"},{"@type":"ListItem","position":2,"name":"Diccionario Ensalza","item":"https:\/\/www.ensalza.com\/blog\/diccionario\/"},{"@type":"ListItem","position":3,"name":"\u00bfQu\u00e9 es un vlog?"}]},{"@type":"WebSite","@id":"https:\/\/www.ensalza.com\/blog\/#website","url":"https:\/\/www.ensalza.com\/blog\/","name":"el blog donde las ideas toman forma","description":"Somos Ensalza, una agencia diferente ;)","publisher":{"@id":"https:\/\/www.ensalza.com\/blog\/#organization"},"potentialAction":[{"@type":"SearchAction","target":{"@type":"EntryPoint","urlTemplate":"https:\/\/www.ensalza.com\/blog\/?s={search_term_string}"},"query-input":{"@type":"PropertyValueSpecification","valueRequired":true,"valueName":"search_term_string"}}],"inLanguage":"es"},{"@type":"Organization","@id":"https:\/\/www.ensalza.com\/blog\/#organization","name":"Ensalza: agencia de desarrollo y dise\u00f1o web Madrid","url":"https:\/\/www.ensalza.com\/blog\/","logo":{"@type":"ImageObject","inLanguage":"es","@id":"https:\/\/www.ensalza.com\/blog\/#\/schema\/logo\/image\/","url":"https:\/\/www.ensalza.com\/blog\/wp-content\/uploads\/logo-blog-ensalza-1.png","contentUrl":"https:\/\/www.ensalza.com\/blog\/wp-content\/uploads\/logo-blog-ensalza-1.png","width":521,"height":147,"caption":"Ensalza: agencia de desarrollo y dise\u00f1o web Madrid"},"image":{"@id":"https:\/\/www.ensalza.com\/blog\/#\/schema\/logo\/image\/"},"sameAs":["https:\/\/x.com\/ensalzacom","https:\/\/instagram.com\/ensalza","https:\/\/www.linkedin.com\/company\/ensalza"]},false]}},"yasr_visitor_votes":{"stars_attributes":{"read_only":false,"span_bottom":false},"number_of_votes":7,"sum_votes":26},"_links":{"self":[{"href":"https:\/\/www.ensalza.com\/blog\/wp-json\/wp\/v2\/pages\/3940","targetHints":{"allow":["GET"]}}],"collection":[{"href":"https:\/\/www.ensalza.com\/blog\/wp-json\/wp\/v2\/pages"}],"about":[{"href":"https:\/\/www.ensalza.com\/blog\/wp-json\/wp\/v2\/types\/page"}],"author":[{"embeddable":true,"href":"https:\/\/www.ensalza.com\/blog\/wp-json\/wp\/v2\/users\/9"}],"replies":[{"embeddable":true,"href":"https:\/\/www.ensalza.com\/blog\/wp-json\/wp\/v2\/comments?post=3940"}],"version-history":[{"count":12,"href":"https:\/\/www.ensalza.com\/blog\/wp-json\/wp\/v2\/pages\/3940\/revisions"}],"predecessor-version":[{"id":16147,"href":"https:\/\/www.ensalza.com\/blog\/wp-json\/wp\/v2\/pages\/3940\/revisions\/16147"}],"up":[{"embeddable":true,"href":"https:\/\/www.ensalza.com\/blog\/wp-json\/wp\/v2\/pages\/3908"}],"wp:attachment":[{"href":"https:\/\/www.ensalza.com\/blog\/wp-json\/wp\/v2\/media?parent=3940"}],"curies":[{"name":"wp","href":"https:\/\/api.w.org\/{rel}","templated":true}]}}