{"id":17794,"date":"2023-01-23T17:42:28","date_gmt":"2023-01-23T16:42:28","guid":{"rendered":"https:\/\/www.ensalza.com\/blog\/?page_id=17794"},"modified":"2026-03-13T12:46:09","modified_gmt":"2026-03-13T11:46:09","slug":"que-es-rankear","status":"publish","type":"page","link":"https:\/\/www.ensalza.com\/blog\/diccionario\/que-es-rankear\/","title":{"rendered":"\u00bfQu\u00e9 es rankear?"},"content":{"rendered":"<p><span style=\"font-weight: 400;\">Seguro que en m\u00e1s de una ocasi\u00f3n has o\u00eddo hablar de<\/span><b> rankear en Google o rankear por SEO<\/b><span style=\"font-weight: 400;\">. Si tienes una p\u00e1gina web, este es uno de los t\u00e9rminos que m\u00e1s te puede interesar entender. \u00bfPor qu\u00e9? Sigue leyendo que te lo contamos en un momento.\u00a0<\/span><\/p>\n<p><img fetchpriority=\"high\" decoding=\"async\" class=\"size-full wp-image-18153 aligncenter\" src=\"https:\/\/www.ensalza.com\/blog\/wp-content\/uploads\/que-es-rankear.webp\" alt=\"definici\u00f3n de rankear en SEO\" width=\"640\" height=\"448\" srcset=\"https:\/\/www.ensalza.com\/blog\/wp-content\/uploads\/que-es-rankear.webp 640w, https:\/\/www.ensalza.com\/blog\/wp-content\/uploads\/que-es-rankear-550x385.webp 550w\" sizes=\"(max-width: 640px) 100vw, 640px\" \/><\/p>\n<h2><span style=\"font-weight: 400;\">Rankear: qu\u00e9 es<\/span><\/h2>\n<p><b>Rankear en Google <\/b><span style=\"font-weight: 400;\">se refiere a la <\/span><b>posici\u00f3n <\/b><span style=\"font-weight: 400;\">que ocupa tu p\u00e1gina web en los resultados de b\u00fasquedas para una cierta keyword dentro del ranking del buscador, en este caso, Google. Pero podr\u00eda ser tambi\u00e9n en el caso de <em><a href=\"https:\/\/www.ensalza.com\/blog\/diccionario\/que-es-bing\/\">Bing<\/a>, Yahoo Search, Duckduckgo<\/em> y dem\u00e1s motores de b\u00fasqueda accesibles actualmente.\u00a0<\/span><\/p>\n<p><span style=\"font-weight: 400;\">Cuanto <\/span><b>m\u00e1s arriba <\/b><span style=\"font-weight: 400;\">est\u00e1 rankeado un sitio web en los resultados de una b\u00fasqueda, <\/span><b>m\u00e1s visible<\/b><span style=\"font-weight: 400;\"> ser\u00e1 para los usuarios y, por lo tanto, se entiende que va a recibir m\u00e1s tr\u00e1fico. Con lo cual podemos aumentar el n\u00famero de ventas en productos o servicios. Digamos que, esta visibilidad es el objetivo principal cuando invertimos en <a href=\"https:\/\/www.ensalza.com\/blog\/diccionario\/que-es-seo\/\">SEO<\/a>.<\/span><\/p>\n<p><span style=\"font-weight: 400;\">Los motores de b\u00fasqueda utilizan<\/span><a href=\"https:\/\/www.ensalza.com\/blog\/diccionario\/que-es-algoritmo-google\/\"><b> algoritmos complejos<\/b><\/a><span style=\"font-weight: 400;\"> para determinar la relevancia y calidad de los sitios web y asignarles un ranking. No es casualidad que una p\u00e1gina salga m\u00e1s arriba que otra.<\/span><br \/>\n<iframe class=\"giphy-embed\" src=\"https:\/\/giphy.com\/embed\/w7cCCSw5wW3LG8pfux\" width=\"480\" height=\"390\" frameborder=\"0\" allowfullscreen=\"allowfullscreen\"><\/iframe><\/p>\n<h3><span style=\"font-weight: 400;\">Factores que influyen en el rankeo de una p\u00e1gina web<\/span><\/h3>\n<p><span style=\"font-weight: 400;\">Hay muchos factores que pueden afectar el ranking de un sitio web en los resultados de una b\u00fasqueda. Principalmente, la <\/span><b>calidad <\/b><span style=\"font-weight: 400;\">del contenido del sitio, la<\/span><b> autoridad<\/b><span style=\"font-weight: 400;\"> del dominio y la optimizaci\u00f3n de la web.\u00a0<\/span><\/p>\n<p><span style=\"font-weight: 400;\">Empezando por la calidad del contenido de un sitio web, es uno de los apartados m\u00e1s importantes. Si el contenido es de gran relevancia, es bueno y gusta a los usuarios porque resuelve fielmente sus b\u00fasquedas, Google lo sabr\u00e1 y colocar\u00e1 la p\u00e1gina m\u00e1s arriba en los buscadores.<\/span><\/p>\n<p><span style=\"font-weight: 400;\">En cuanto a la autoridad del dominio, depende de muchos factores. Por ejemplo, la antig\u00fcedad, el n\u00famero de enlaces de gran calidad y relevancia que llevan hacia ese sitio web, si hay penalizaciones previas, etc.<\/span><\/p>\n<p><span style=\"font-weight: 400;\">Mientras que, tambi\u00e9n es fundamental realizar buenas optimizaciones en el sitio web. No solo a nivel de contenido, sino tambi\u00e9n de SEO t\u00e9cnico o rendimiento. Por ejemplo, optimizaciones a nivel de<\/span><a href=\"https:\/\/www.ensalza.com\/blog\/optimizar-divi-wordpress\/\"><b> velocidad<\/b><\/a><span style=\"font-weight: 400;\">, para que la web est\u00e9 lo m\u00e1s limpia posible y cargue lo m\u00e1s r\u00e1pido que pueda.<\/span><\/p>\n<p><span style=\"font-weight: 400;\">Una web que carga deprisa y tiene todo intuitivo y accesible es m\u00e1s amigable para los usuarios. Google lo sabr\u00e1 y eso la ayudar\u00e1 a rankear m\u00e1s arriba. Por eso es tan importante conocer todos estos factores, para tenerlos en cuenta a la hora de posicionar un sitio web en los buscadores.<\/span><\/p>\n<h3><span style=\"font-weight: 400;\">SEO &amp; Rankeo, siempre de la mano<\/span><\/h3>\n<p><span style=\"font-weight: 400;\">El objetivo del SEO es mejorar el ranking de un sitio web en los resultados de b\u00fasqueda y, por lo tanto, <\/span><b>aumentar su visibilidad y tr\u00e1fico<\/b><span style=\"font-weight: 400;\">. Esto se puede lograr siguiendo los trucos que te mencionamos.<\/span><\/p>\n<p><span style=\"font-weight: 400;\">El SEO es el aliado perfecto para tratar de rankear lo m\u00e1s arriba posible, tanto en Google como en otros buscadores. Por eso es importante <\/span><b>empezar a trabajarlo cuanto antes, con una estrategia predefinida y ser constantes en el tiempo<\/b><span style=\"font-weight: 400;\">.<\/span><\/p>\n<p><span style=\"font-weight: 400;\">En el caso de que busques acciones m\u00e1s inmediatas para salir lo m\u00e1s arriba posible de Google, siempre puedes tratar de invertir en<\/span><b> publicidad<\/b><span style=\"font-weight: 400;\">. Por ejemplo, por medio de Google Ads. Es una forma de \u201crankear artificialmente\u201d hacia las primeras posiciones, invirtiendo una determinada cantidad de dinero cada d\u00eda. <\/span><\/p>\n<p>&nbsp;<\/p>\n<p><span style=\"font-weight: 400;\">Eso s\u00ed, nosotros somos mucho m\u00e1s fans de conseguir posiciones de manera natural y que los resultados se mantengan en el tiempo. <\/span><span style=\"font-weight: 400;\">\u00bfQuieres probar nuestro <a href=\"https:\/\/www.ensalza.com\/marketing-de-contenidos\/\">marketing de contenidos para peque\u00f1as y medianas empresas<\/a>? (En el enlace encontrar\u00e1s m\u00e1s informaci\u00f3n sobre nuestros servicios de marketing online y posicionamiento SEO.\u00a0<\/span><\/p>\n","protected":false},"excerpt":{"rendered":"<p>Seguro que en m\u00e1s de una ocasi\u00f3n has o\u00eddo hablar de rankear en Google o rankear por SEO. Si tienes una p\u00e1gina web, este es uno de los t\u00e9rminos que m\u00e1s te puede interesar entender. \u00bfPor qu\u00e9? Sigue leyendo que te lo contamos en un momento.\u00a0 Rankear: qu\u00e9 es Rankear en Google se refiere a &#8230; <a title=\"\u00bfQu\u00e9 es rankear?\" class=\"read-more\" href=\"https:\/\/www.ensalza.com\/blog\/diccionario\/que-es-rankear\/\" aria-label=\"Leer m\u00e1s sobre \u00bfQu\u00e9 es rankear?\">Leer m\u00e1s<\/a><\/p>\n","protected":false},"author":16,"featured_media":18153,"parent":3908,"menu_order":0,"comment_status":"closed","ping_status":"closed","template":"","meta":{"yasr_overall_rating":0,"yasr_post_is_review":"","yasr_auto_insert_disabled":"","yasr_review_type":"BlogPosting","footnotes":""},"class_list":["post-17794","page","type-page","status-publish","has-post-thumbnail"],"yoast_head":"<!-- This site is optimized with the Yoast SEO plugin v27.3 - https:\/\/yoast.com\/product\/yoast-seo-wordpress\/ -->\n<title>\u00bfQu\u00e9 significa rankear? en buscadores - Diccionario SEO<\/title>\n<meta name=\"description\" content=\"\u00bfQu\u00e9 es rankear? Son varios los factores que pueden afectar el ranking de un sitio web en los resultados de una b\u00fasqueda. \u00a1Te lo contamos!\" \/>\n<meta name=\"robots\" content=\"index, follow, max-snippet:-1, max-image-preview:large, max-video-preview:-1\" \/>\n<link rel=\"canonical\" href=\"https:\/\/www.ensalza.com\/blog\/diccionario\/que-es-rankear\/\" \/>\n<meta property=\"og:locale\" content=\"es_ES\" \/>\n<meta property=\"og:type\" content=\"article\" \/>\n<meta property=\"og:title\" content=\"\u00bfQu\u00e9 significa rankear? en buscadores - Diccionario SEO\" \/>\n<meta property=\"og:description\" content=\"\u00bfQu\u00e9 es rankear? Son varios los factores que pueden afectar el ranking de un sitio web en los resultados de una b\u00fasqueda. \u00a1Te lo contamos!\" \/>\n<meta property=\"og:url\" content=\"https:\/\/www.ensalza.com\/blog\/diccionario\/que-es-rankear\/\" \/>\n<meta property=\"og:site_name\" content=\"el blog donde las ideas toman forma\" \/>\n<meta property=\"article:modified_time\" content=\"2026-03-13T11:46:09+00:00\" \/>\n<meta property=\"og:image\" content=\"https:\/\/www.ensalza.com\/blog\/wp-content\/uploads\/que-es-rankear.webp\" \/>\n\t<meta property=\"og:image:width\" content=\"640\" \/>\n\t<meta property=\"og:image:height\" content=\"448\" \/>\n\t<meta property=\"og:image:type\" content=\"image\/webp\" \/>\n<meta name=\"twitter:card\" content=\"summary_large_image\" \/>\n<meta name=\"twitter:site\" content=\"@ensalzacom\" \/>\n<meta name=\"twitter:label1\" content=\"Tiempo de lectura\" \/>\n\t<meta name=\"twitter:data1\" content=\"3 minutos\" \/>\n<script type=\"application\/ld+json\" class=\"yoast-schema-graph\">{\"@context\":\"https:\\\/\\\/schema.org\",\"@graph\":[{\"@type\":\"WebPage\",\"@id\":\"https:\\\/\\\/www.ensalza.com\\\/blog\\\/diccionario\\\/que-es-rankear\\\/\",\"url\":\"https:\\\/\\\/www.ensalza.com\\\/blog\\\/diccionario\\\/que-es-rankear\\\/\",\"name\":\"\u00bfQu\u00e9 significa rankear? en buscadores - Diccionario SEO\",\"isPartOf\":{\"@id\":\"https:\\\/\\\/www.ensalza.com\\\/blog\\\/#website\"},\"primaryImageOfPage\":{\"@id\":\"https:\\\/\\\/www.ensalza.com\\\/blog\\\/diccionario\\\/que-es-rankear\\\/#primaryimage\"},\"image\":{\"@id\":\"https:\\\/\\\/www.ensalza.com\\\/blog\\\/diccionario\\\/que-es-rankear\\\/#primaryimage\"},\"thumbnailUrl\":\"https:\\\/\\\/www.ensalza.com\\\/blog\\\/wp-content\\\/uploads\\\/que-es-rankear.webp\",\"datePublished\":\"2023-01-23T16:42:28+00:00\",\"dateModified\":\"2026-03-13T11:46:09+00:00\",\"description\":\"\u00bfQu\u00e9 es rankear? Son varios los factores que pueden afectar el ranking de un sitio web en los resultados de una b\u00fasqueda. \u00a1Te lo contamos!\",\"breadcrumb\":{\"@id\":\"https:\\\/\\\/www.ensalza.com\\\/blog\\\/diccionario\\\/que-es-rankear\\\/#breadcrumb\"},\"inLanguage\":\"es\",\"potentialAction\":[{\"@type\":\"ReadAction\",\"target\":[\"https:\\\/\\\/www.ensalza.com\\\/blog\\\/diccionario\\\/que-es-rankear\\\/\"]}]},{\"@type\":\"ImageObject\",\"inLanguage\":\"es\",\"@id\":\"https:\\\/\\\/www.ensalza.com\\\/blog\\\/diccionario\\\/que-es-rankear\\\/#primaryimage\",\"url\":\"https:\\\/\\\/www.ensalza.com\\\/blog\\\/wp-content\\\/uploads\\\/que-es-rankear.webp\",\"contentUrl\":\"https:\\\/\\\/www.ensalza.com\\\/blog\\\/wp-content\\\/uploads\\\/que-es-rankear.webp\",\"width\":640,\"height\":448,\"caption\":\"definici\u00f3n de rankear en SEO\"},{\"@type\":\"BreadcrumbList\",\"@id\":\"https:\\\/\\\/www.ensalza.com\\\/blog\\\/diccionario\\\/que-es-rankear\\\/#breadcrumb\",\"itemListElement\":[{\"@type\":\"ListItem\",\"position\":1,\"name\":\"Inicio\",\"item\":\"https:\\\/\\\/www.ensalza.com\\\/blog\\\/\"},{\"@type\":\"ListItem\",\"position\":2,\"name\":\"Diccionario Ensalza\",\"item\":\"https:\\\/\\\/www.ensalza.com\\\/blog\\\/diccionario\\\/\"},{\"@type\":\"ListItem\",\"position\":3,\"name\":\"\u00bfQu\u00e9 es rankear?\"}]},{\"@type\":\"WebSite\",\"@id\":\"https:\\\/\\\/www.ensalza.com\\\/blog\\\/#website\",\"url\":\"https:\\\/\\\/www.ensalza.com\\\/blog\\\/\",\"name\":\"el blog donde las ideas toman forma\",\"description\":\"Somos Ensalza, una agencia diferente ;)\",\"publisher\":{\"@id\":\"https:\\\/\\\/www.ensalza.com\\\/blog\\\/#organization\"},\"potentialAction\":[{\"@type\":\"SearchAction\",\"target\":{\"@type\":\"EntryPoint\",\"urlTemplate\":\"https:\\\/\\\/www.ensalza.com\\\/blog\\\/?s={search_term_string}\"},\"query-input\":{\"@type\":\"PropertyValueSpecification\",\"valueRequired\":true,\"valueName\":\"search_term_string\"}}],\"inLanguage\":\"es\"},{\"@type\":\"Organization\",\"@id\":\"https:\\\/\\\/www.ensalza.com\\\/blog\\\/#organization\",\"name\":\"Ensalza: agencia de desarrollo y dise\u00f1o web Madrid\",\"url\":\"https:\\\/\\\/www.ensalza.com\\\/blog\\\/\",\"logo\":{\"@type\":\"ImageObject\",\"inLanguage\":\"es\",\"@id\":\"https:\\\/\\\/www.ensalza.com\\\/blog\\\/#\\\/schema\\\/logo\\\/image\\\/\",\"url\":\"https:\\\/\\\/www.ensalza.com\\\/blog\\\/wp-content\\\/uploads\\\/logo-blog-ensalza-1.png\",\"contentUrl\":\"https:\\\/\\\/www.ensalza.com\\\/blog\\\/wp-content\\\/uploads\\\/logo-blog-ensalza-1.png\",\"width\":521,\"height\":147,\"caption\":\"Ensalza: agencia de desarrollo y dise\u00f1o web Madrid\"},\"image\":{\"@id\":\"https:\\\/\\\/www.ensalza.com\\\/blog\\\/#\\\/schema\\\/logo\\\/image\\\/\"},\"sameAs\":[\"https:\\\/\\\/x.com\\\/ensalzacom\",\"https:\\\/\\\/instagram.com\\\/ensalza\",\"https:\\\/\\\/www.linkedin.com\\\/company\\\/ensalza\"]},false]}<\/script>\n<!-- \/ Yoast SEO plugin. -->","yoast_head_json":{"title":"\u00bfQu\u00e9 significa rankear? en buscadores - Diccionario SEO","description":"\u00bfQu\u00e9 es rankear? Son varios los factores que pueden afectar el ranking de un sitio web en los resultados de una b\u00fasqueda. \u00a1Te lo contamos!","robots":{"index":"index","follow":"follow","max-snippet":"max-snippet:-1","max-image-preview":"max-image-preview:large","max-video-preview":"max-video-preview:-1"},"canonical":"https:\/\/www.ensalza.com\/blog\/diccionario\/que-es-rankear\/","og_locale":"es_ES","og_type":"article","og_title":"\u00bfQu\u00e9 significa rankear? en buscadores - Diccionario SEO","og_description":"\u00bfQu\u00e9 es rankear? Son varios los factores que pueden afectar el ranking de un sitio web en los resultados de una b\u00fasqueda. \u00a1Te lo contamos!","og_url":"https:\/\/www.ensalza.com\/blog\/diccionario\/que-es-rankear\/","og_site_name":"el blog donde las ideas toman forma","article_modified_time":"2026-03-13T11:46:09+00:00","og_image":[{"width":640,"height":448,"url":"https:\/\/www.ensalza.com\/blog\/wp-content\/uploads\/que-es-rankear.webp","type":"image\/webp"}],"twitter_card":"summary_large_image","twitter_site":"@ensalzacom","twitter_misc":{"Tiempo de lectura":"3 minutos"},"schema":{"@context":"https:\/\/schema.org","@graph":[{"@type":"WebPage","@id":"https:\/\/www.ensalza.com\/blog\/diccionario\/que-es-rankear\/","url":"https:\/\/www.ensalza.com\/blog\/diccionario\/que-es-rankear\/","name":"\u00bfQu\u00e9 significa rankear? en buscadores - Diccionario SEO","isPartOf":{"@id":"https:\/\/www.ensalza.com\/blog\/#website"},"primaryImageOfPage":{"@id":"https:\/\/www.ensalza.com\/blog\/diccionario\/que-es-rankear\/#primaryimage"},"image":{"@id":"https:\/\/www.ensalza.com\/blog\/diccionario\/que-es-rankear\/#primaryimage"},"thumbnailUrl":"https:\/\/www.ensalza.com\/blog\/wp-content\/uploads\/que-es-rankear.webp","datePublished":"2023-01-23T16:42:28+00:00","dateModified":"2026-03-13T11:46:09+00:00","description":"\u00bfQu\u00e9 es rankear? Son varios los factores que pueden afectar el ranking de un sitio web en los resultados de una b\u00fasqueda. \u00a1Te lo contamos!","breadcrumb":{"@id":"https:\/\/www.ensalza.com\/blog\/diccionario\/que-es-rankear\/#breadcrumb"},"inLanguage":"es","potentialAction":[{"@type":"ReadAction","target":["https:\/\/www.ensalza.com\/blog\/diccionario\/que-es-rankear\/"]}]},{"@type":"ImageObject","inLanguage":"es","@id":"https:\/\/www.ensalza.com\/blog\/diccionario\/que-es-rankear\/#primaryimage","url":"https:\/\/www.ensalza.com\/blog\/wp-content\/uploads\/que-es-rankear.webp","contentUrl":"https:\/\/www.ensalza.com\/blog\/wp-content\/uploads\/que-es-rankear.webp","width":640,"height":448,"caption":"definici\u00f3n de rankear en SEO"},{"@type":"BreadcrumbList","@id":"https:\/\/www.ensalza.com\/blog\/diccionario\/que-es-rankear\/#breadcrumb","itemListElement":[{"@type":"ListItem","position":1,"name":"Inicio","item":"https:\/\/www.ensalza.com\/blog\/"},{"@type":"ListItem","position":2,"name":"Diccionario Ensalza","item":"https:\/\/www.ensalza.com\/blog\/diccionario\/"},{"@type":"ListItem","position":3,"name":"\u00bfQu\u00e9 es rankear?"}]},{"@type":"WebSite","@id":"https:\/\/www.ensalza.com\/blog\/#website","url":"https:\/\/www.ensalza.com\/blog\/","name":"el blog donde las ideas toman forma","description":"Somos Ensalza, una agencia diferente ;)","publisher":{"@id":"https:\/\/www.ensalza.com\/blog\/#organization"},"potentialAction":[{"@type":"SearchAction","target":{"@type":"EntryPoint","urlTemplate":"https:\/\/www.ensalza.com\/blog\/?s={search_term_string}"},"query-input":{"@type":"PropertyValueSpecification","valueRequired":true,"valueName":"search_term_string"}}],"inLanguage":"es"},{"@type":"Organization","@id":"https:\/\/www.ensalza.com\/blog\/#organization","name":"Ensalza: agencia de desarrollo y dise\u00f1o web Madrid","url":"https:\/\/www.ensalza.com\/blog\/","logo":{"@type":"ImageObject","inLanguage":"es","@id":"https:\/\/www.ensalza.com\/blog\/#\/schema\/logo\/image\/","url":"https:\/\/www.ensalza.com\/blog\/wp-content\/uploads\/logo-blog-ensalza-1.png","contentUrl":"https:\/\/www.ensalza.com\/blog\/wp-content\/uploads\/logo-blog-ensalza-1.png","width":521,"height":147,"caption":"Ensalza: agencia de desarrollo y dise\u00f1o web Madrid"},"image":{"@id":"https:\/\/www.ensalza.com\/blog\/#\/schema\/logo\/image\/"},"sameAs":["https:\/\/x.com\/ensalzacom","https:\/\/instagram.com\/ensalza","https:\/\/www.linkedin.com\/company\/ensalza"]},false]}},"yasr_visitor_votes":{"stars_attributes":{"read_only":false,"span_bottom":false},"number_of_votes":1,"sum_votes":4},"_links":{"self":[{"href":"https:\/\/www.ensalza.com\/blog\/wp-json\/wp\/v2\/pages\/17794","targetHints":{"allow":["GET"]}}],"collection":[{"href":"https:\/\/www.ensalza.com\/blog\/wp-json\/wp\/v2\/pages"}],"about":[{"href":"https:\/\/www.ensalza.com\/blog\/wp-json\/wp\/v2\/types\/page"}],"author":[{"embeddable":true,"href":"https:\/\/www.ensalza.com\/blog\/wp-json\/wp\/v2\/users\/16"}],"replies":[{"embeddable":true,"href":"https:\/\/www.ensalza.com\/blog\/wp-json\/wp\/v2\/comments?post=17794"}],"version-history":[{"count":10,"href":"https:\/\/www.ensalza.com\/blog\/wp-json\/wp\/v2\/pages\/17794\/revisions"}],"predecessor-version":[{"id":18818,"href":"https:\/\/www.ensalza.com\/blog\/wp-json\/wp\/v2\/pages\/17794\/revisions\/18818"}],"up":[{"embeddable":true,"href":"https:\/\/www.ensalza.com\/blog\/wp-json\/wp\/v2\/pages\/3908"}],"wp:featuredmedia":[{"embeddable":true,"href":"https:\/\/www.ensalza.com\/blog\/wp-json\/wp\/v2\/media\/18153"}],"wp:attachment":[{"href":"https:\/\/www.ensalza.com\/blog\/wp-json\/wp\/v2\/media?parent=17794"}],"curies":[{"name":"wp","href":"https:\/\/api.w.org\/{rel}","templated":true}]}}