{"id":16649,"date":"2022-06-20T09:30:20","date_gmt":"2022-06-20T07:30:20","guid":{"rendered":"https:\/\/www.ensalza.com\/blog\/?page_id=16649"},"modified":"2022-06-20T09:34:52","modified_gmt":"2022-06-20T07:34:52","slug":"que-es-isp","status":"publish","type":"page","link":"https:\/\/www.ensalza.com\/blog\/diccionario\/que-es-isp\/","title":{"rendered":"\u00bfQu\u00e9 es ISP?"},"content":{"rendered":"<p><span style=\"font-weight: 400;\">En<\/span><b> Internet<\/b><span style=\"font-weight: 400;\"> encontramos multitud de conceptos relacionados con el mundo web que para muchas personas pueden ser totalmente desconocidos. Hoy analizamos <\/span><b>qu\u00e9 significan las siglas ISP<\/b><span style=\"font-weight: 400;\">. \u00a1Desc\u00fabrelo, puede que en alg\u00fan momento necesites saberlo!<\/span><\/p>\n<p><img fetchpriority=\"high\" decoding=\"async\" class=\" wp-image-16650 aligncenter\" src=\"https:\/\/www.ensalza.com\/blog\/wp-content\/uploads\/isp-650x425.jpg\" alt=\"\u00bfqu\u00e9 es ISP?\" width=\"609\" height=\"398\" srcset=\"https:\/\/www.ensalza.com\/blog\/wp-content\/uploads\/isp-650x425.jpg 650w, https:\/\/www.ensalza.com\/blog\/wp-content\/uploads\/isp-1024x670.jpg 1024w, https:\/\/www.ensalza.com\/blog\/wp-content\/uploads\/isp-768x503.jpg 768w, https:\/\/www.ensalza.com\/blog\/wp-content\/uploads\/isp-550x360.jpg 550w, https:\/\/www.ensalza.com\/blog\/wp-content\/uploads\/isp-1536x1005.jpg 1536w, https:\/\/www.ensalza.com\/blog\/wp-content\/uploads\/isp-2048x1340.jpg 2048w\" sizes=\"(max-width: 609px) 100vw, 609px\" \/><\/p>\n<h2><span style=\"font-weight: 400;\">ISP: qu\u00e9 es<\/span><\/h2>\n<p><span style=\"font-weight: 400;\">Las siglas de ISP se corresponden con<\/span><b> Internet Service Provider o Proveedor de Servicios de Internet<\/b><span style=\"font-weight: 400;\">. Dicho con otras palabras, son las empresas que le proporcionan a los usuarios el acceso a internet y a otros servicios relacionados. Utilizan diferentes tipos de tecnolog\u00edas como fibra \u00f3ptica o ADSL.<\/span><\/p>\n<p><span style=\"font-weight: 400;\">Los ISP realizan la conexi\u00f3n a los clientes mediante redes. Proporcionan servicios de telecomunicaciones e incluso de conexi\u00f3n telef\u00f3nica.<\/span><\/p>\n<p><span style=\"font-weight: 400;\">Por ejemplo, empresas como Movistar o Vodafone funcionan como ISP, por lo que ahora seguro que te ha quedado m\u00e1s claro su significado.\u00a0<\/span><\/p>\n<h3><span style=\"font-weight: 400;\">\u00bfQu\u00e9 tener en cuenta al elegir un buen ISP?<\/span><\/h3>\n<p><span style=\"font-weight: 400;\">A la hora de contratar estos servicios, es importante tener en cuenta estos aspectos:<\/span><\/p>\n<ul>\n<li style=\"font-weight: 400;\" aria-level=\"1\"><b>Cobertura<\/b><span style=\"font-weight: 400;\">: no en todos los sitios tenemos la misma cobertura con seg\u00fan que operador. Si necesitas el tel\u00e9fono o Internet para trabajar, es importante que vaya r\u00e1pido, fluido y que est\u00e9 siempre disponible, por lo que es uno de los primeros aspectos a considerar.<\/span><\/li>\n<li style=\"font-weight: 400;\" aria-level=\"1\"><b>Ancho de banda<\/b><span style=\"font-weight: 400;\">: otro aspecto fundamental a elegir el ISP adecuado en funci\u00f3n de tu ubicaci\u00f3n, es el ancho de banda. Es un criterio sumamente importante, porque se comparte entre los usuarios. Por ejemplo, en una empresa se comparte entre los trabajadores conectados, por eso es fundamental que vaya r\u00e1pido.<\/span><\/li>\n<li style=\"font-weight: 400;\" aria-level=\"1\"><b>Acceso<\/b><span style=\"font-weight: 400;\">: en la actualidad hay proveedores de servicios de todo tipo, que incluso ofrecen paquetes por tiempo de conexi\u00f3n y no se puede pasar de un n\u00famero de horas.\u00a0\u00a0<\/span><\/li>\n<li style=\"font-weight: 400;\" aria-level=\"1\"><b>Servicios adicionales<\/b><span style=\"font-weight: 400;\">: tambi\u00e9n puede ser interesante elegir un proveedor que tenga la posibilidad de contratar otros servicios extra y que puedan ser de utilidad, como direcciones de email, capacidad, etc.\u00a0<\/span><\/li>\n<li style=\"font-weight: 400;\" aria-level=\"1\"><b>Atenci\u00f3n al cliente y soporte t\u00e9cnico<\/b><span style=\"font-weight: 400;\">: estos otros dos aspectos siempre marcan la diferencia entre un proveedor y otro. A la larga te da menos problemas y aumenta tu satisfacci\u00f3n, confianza y seguridad.\u00a0<\/span><\/li>\n<\/ul>\n<p><span style=\"font-weight: 400;\">Estos son algunos de los principales puntos a tener en cuenta. El precio, puede ser otro factor, por supuesto.<\/span><\/p>\n<p><img decoding=\"async\" class=\"size-full wp-image-16652 aligncenter\" src=\"https:\/\/www.ensalza.com\/blog\/wp-content\/uploads\/gif.gif\" alt=\"gif gif\"\" width=\"400\" height=\"299\" \/><\/p>\n<p>&nbsp;<\/p>\n<h3><span style=\"font-weight: 400;\">\u00bfQu\u00e9 servicios puede ofrecer un ISP?<\/span><\/h3>\n<p><span style=\"font-weight: 400;\">Aunque principalmente hemos puesto ejemplos de proveedores de servicios de Internet que ofrecen la conexi\u00f3n o bien el servicio de telefon\u00eda, lo cierto es que el abanico es m\u00e1s amplio. Aparte de estos servicios tambi\u00e9n pueden ofrecer <\/span><b><a href=\"https:\/\/www.ensalza.com\/blog\/como-elegir-un-dominio\/\">dominios<\/a> o <a href=\"https:\/\/www.ensalza.com\/blog\/diccionario\/que-es-el-hosting\/\">hosting<\/a><\/b><span style=\"font-weight: 400;\">, por lo que es un concepto que engloba a m\u00e1s compa\u00f1\u00edas de las que seguramente en un primer momento ten\u00edas en mente.<\/span><\/p>\n<h3><span style=\"font-weight: 400;\">\u00bfA qu\u00e9 datos tiene acceso el ISP?<\/span><\/h3>\n<p><span style=\"font-weight: 400;\">La realidad es que el proveedor de servicios de Internet tiene acceso a los sitios web que visitas, a qui\u00e9n le env\u00edas emails y la actividad que puedes hacer en las redes sociales. Tambi\u00e9n puede conocer otros detalles.<\/span><\/p>\n<p><span style=\"font-weight: 400;\">Debido a esta peculiaridad, hay usuarios que prefieren ocultarlo. Para ello, hay varias formas de hacerlo. Se puede cambiar su configuraci\u00f3n de DNS, usar una <a href=\"https:\/\/www.ensalza.com\/blog\/diccionario\/que-es-una-red-vpn\/\">VPN<\/a>, navegar con Tor, etc.<\/span><\/p>\n<p>&nbsp;<\/p>\n<p><span style=\"font-weight: 400;\">\u00bfTe ha quedado claro que es un<\/span><b> ISP<\/b><span style=\"font-weight: 400;\">? Si te ha quedado alguna duda, recuerda que estamos a tu entera disposici\u00f3n. \u00a1Preg\u00fantanos para que podamos ayudarte!<\/span><\/p>\n","protected":false},"excerpt":{"rendered":"<p>En Internet encontramos multitud de conceptos relacionados con el mundo web que para muchas personas pueden ser totalmente desconocidos. Hoy analizamos qu\u00e9 significan las siglas ISP. \u00a1Desc\u00fabrelo, puede que en alg\u00fan momento necesites saberlo! ISP: qu\u00e9 es Las siglas de ISP se corresponden con Internet Service Provider o Proveedor de Servicios de Internet. Dicho con &#8230; <a title=\"\u00bfQu\u00e9 es ISP?\" class=\"read-more\" href=\"https:\/\/www.ensalza.com\/blog\/diccionario\/que-es-isp\/\" aria-label=\"Leer m\u00e1s sobre \u00bfQu\u00e9 es ISP?\">Leer m\u00e1s<\/a><\/p>\n","protected":false},"author":16,"featured_media":0,"parent":3908,"menu_order":0,"comment_status":"closed","ping_status":"closed","template":"","meta":{"yasr_overall_rating":0,"yasr_post_is_review":"","yasr_auto_insert_disabled":"","yasr_review_type":"BlogPosting","footnotes":""},"class_list":["post-16649","page","type-page","status-publish"],"yoast_head":"<!-- This site is optimized with the Yoast SEO plugin v27.3 - https:\/\/yoast.com\/product\/yoast-seo-wordpress\/ -->\n<title>\u00bfQu\u00e9 es ISP? - el blog donde las ideas toman forma<\/title>\n<meta name=\"description\" content=\"\u00bfQu\u00e9 es ISP? \u00bfQu\u00e9 debes tener en cuenta a la hora de elegir un buen ISP? \u00bfQu\u00e9 servicios ofrece? \u00a1Te lo contamos!\" \/>\n<meta name=\"robots\" content=\"index, follow, max-snippet:-1, max-image-preview:large, max-video-preview:-1\" \/>\n<link rel=\"canonical\" href=\"https:\/\/www.ensalza.com\/blog\/diccionario\/que-es-isp\/\" \/>\n<meta property=\"og:locale\" content=\"es_ES\" \/>\n<meta property=\"og:type\" content=\"article\" \/>\n<meta property=\"og:title\" content=\"\u00bfQu\u00e9 es ISP? - el blog donde las ideas toman forma\" \/>\n<meta property=\"og:description\" content=\"\u00bfQu\u00e9 es ISP? \u00bfQu\u00e9 debes tener en cuenta a la hora de elegir un buen ISP? \u00bfQu\u00e9 servicios ofrece? \u00a1Te lo contamos!\" \/>\n<meta property=\"og:url\" content=\"https:\/\/www.ensalza.com\/blog\/diccionario\/que-es-isp\/\" \/>\n<meta property=\"og:site_name\" content=\"el blog donde las ideas toman forma\" \/>\n<meta property=\"article:modified_time\" content=\"2022-06-20T07:34:52+00:00\" \/>\n<meta property=\"og:image\" content=\"https:\/\/www.ensalza.com\/blog\/wp-content\/uploads\/isp-650x425.jpg\" \/>\n<meta name=\"twitter:card\" content=\"summary_large_image\" \/>\n<meta name=\"twitter:site\" content=\"@ensalzacom\" \/>\n<meta name=\"twitter:label1\" content=\"Tiempo de lectura\" \/>\n\t<meta name=\"twitter:data1\" content=\"3 minutos\" \/>\n<script type=\"application\/ld+json\" class=\"yoast-schema-graph\">{\"@context\":\"https:\\\/\\\/schema.org\",\"@graph\":[{\"@type\":\"WebPage\",\"@id\":\"https:\\\/\\\/www.ensalza.com\\\/blog\\\/diccionario\\\/que-es-isp\\\/\",\"url\":\"https:\\\/\\\/www.ensalza.com\\\/blog\\\/diccionario\\\/que-es-isp\\\/\",\"name\":\"\u00bfQu\u00e9 es ISP? - el blog donde las ideas toman forma\",\"isPartOf\":{\"@id\":\"https:\\\/\\\/www.ensalza.com\\\/blog\\\/#website\"},\"primaryImageOfPage\":{\"@id\":\"https:\\\/\\\/www.ensalza.com\\\/blog\\\/diccionario\\\/que-es-isp\\\/#primaryimage\"},\"image\":{\"@id\":\"https:\\\/\\\/www.ensalza.com\\\/blog\\\/diccionario\\\/que-es-isp\\\/#primaryimage\"},\"thumbnailUrl\":\"https:\\\/\\\/www.ensalza.com\\\/blog\\\/wp-content\\\/uploads\\\/isp-650x425.jpg\",\"datePublished\":\"2022-06-20T07:30:20+00:00\",\"dateModified\":\"2022-06-20T07:34:52+00:00\",\"description\":\"\u00bfQu\u00e9 es ISP? \u00bfQu\u00e9 debes tener en cuenta a la hora de elegir un buen ISP? \u00bfQu\u00e9 servicios ofrece? \u00a1Te lo contamos!\",\"breadcrumb\":{\"@id\":\"https:\\\/\\\/www.ensalza.com\\\/blog\\\/diccionario\\\/que-es-isp\\\/#breadcrumb\"},\"inLanguage\":\"es\",\"potentialAction\":[{\"@type\":\"ReadAction\",\"target\":[\"https:\\\/\\\/www.ensalza.com\\\/blog\\\/diccionario\\\/que-es-isp\\\/\"]}]},{\"@type\":\"ImageObject\",\"inLanguage\":\"es\",\"@id\":\"https:\\\/\\\/www.ensalza.com\\\/blog\\\/diccionario\\\/que-es-isp\\\/#primaryimage\",\"url\":\"https:\\\/\\\/www.ensalza.com\\\/blog\\\/wp-content\\\/uploads\\\/isp.jpg\",\"contentUrl\":\"https:\\\/\\\/www.ensalza.com\\\/blog\\\/wp-content\\\/uploads\\\/isp.jpg\",\"width\":2112,\"height\":1382,\"caption\":\"\u00bfqu\u00e9 es ISP?\"},{\"@type\":\"BreadcrumbList\",\"@id\":\"https:\\\/\\\/www.ensalza.com\\\/blog\\\/diccionario\\\/que-es-isp\\\/#breadcrumb\",\"itemListElement\":[{\"@type\":\"ListItem\",\"position\":1,\"name\":\"Inicio\",\"item\":\"https:\\\/\\\/www.ensalza.com\\\/blog\\\/\"},{\"@type\":\"ListItem\",\"position\":2,\"name\":\"Diccionario Ensalza\",\"item\":\"https:\\\/\\\/www.ensalza.com\\\/blog\\\/diccionario\\\/\"},{\"@type\":\"ListItem\",\"position\":3,\"name\":\"\u00bfQu\u00e9 es ISP?\"}]},{\"@type\":\"WebSite\",\"@id\":\"https:\\\/\\\/www.ensalza.com\\\/blog\\\/#website\",\"url\":\"https:\\\/\\\/www.ensalza.com\\\/blog\\\/\",\"name\":\"el blog donde las ideas toman forma\",\"description\":\"Somos Ensalza, una agencia diferente ;)\",\"publisher\":{\"@id\":\"https:\\\/\\\/www.ensalza.com\\\/blog\\\/#organization\"},\"potentialAction\":[{\"@type\":\"SearchAction\",\"target\":{\"@type\":\"EntryPoint\",\"urlTemplate\":\"https:\\\/\\\/www.ensalza.com\\\/blog\\\/?s={search_term_string}\"},\"query-input\":{\"@type\":\"PropertyValueSpecification\",\"valueRequired\":true,\"valueName\":\"search_term_string\"}}],\"inLanguage\":\"es\"},{\"@type\":\"Organization\",\"@id\":\"https:\\\/\\\/www.ensalza.com\\\/blog\\\/#organization\",\"name\":\"Ensalza: agencia de desarrollo y dise\u00f1o web Madrid\",\"url\":\"https:\\\/\\\/www.ensalza.com\\\/blog\\\/\",\"logo\":{\"@type\":\"ImageObject\",\"inLanguage\":\"es\",\"@id\":\"https:\\\/\\\/www.ensalza.com\\\/blog\\\/#\\\/schema\\\/logo\\\/image\\\/\",\"url\":\"https:\\\/\\\/www.ensalza.com\\\/blog\\\/wp-content\\\/uploads\\\/logo-blog-ensalza-1.png\",\"contentUrl\":\"https:\\\/\\\/www.ensalza.com\\\/blog\\\/wp-content\\\/uploads\\\/logo-blog-ensalza-1.png\",\"width\":521,\"height\":147,\"caption\":\"Ensalza: agencia de desarrollo y dise\u00f1o web Madrid\"},\"image\":{\"@id\":\"https:\\\/\\\/www.ensalza.com\\\/blog\\\/#\\\/schema\\\/logo\\\/image\\\/\"},\"sameAs\":[\"https:\\\/\\\/x.com\\\/ensalzacom\",\"https:\\\/\\\/instagram.com\\\/ensalza\",\"https:\\\/\\\/www.linkedin.com\\\/company\\\/ensalza\"]},false]}<\/script>\n<!-- \/ Yoast SEO plugin. -->","yoast_head_json":{"title":"\u00bfQu\u00e9 es ISP? - el blog donde las ideas toman forma","description":"\u00bfQu\u00e9 es ISP? \u00bfQu\u00e9 debes tener en cuenta a la hora de elegir un buen ISP? \u00bfQu\u00e9 servicios ofrece? \u00a1Te lo contamos!","robots":{"index":"index","follow":"follow","max-snippet":"max-snippet:-1","max-image-preview":"max-image-preview:large","max-video-preview":"max-video-preview:-1"},"canonical":"https:\/\/www.ensalza.com\/blog\/diccionario\/que-es-isp\/","og_locale":"es_ES","og_type":"article","og_title":"\u00bfQu\u00e9 es ISP? - el blog donde las ideas toman forma","og_description":"\u00bfQu\u00e9 es ISP? \u00bfQu\u00e9 debes tener en cuenta a la hora de elegir un buen ISP? \u00bfQu\u00e9 servicios ofrece? \u00a1Te lo contamos!","og_url":"https:\/\/www.ensalza.com\/blog\/diccionario\/que-es-isp\/","og_site_name":"el blog donde las ideas toman forma","article_modified_time":"2022-06-20T07:34:52+00:00","og_image":[{"url":"https:\/\/www.ensalza.com\/blog\/wp-content\/uploads\/isp-650x425.jpg","type":"","width":"","height":""}],"twitter_card":"summary_large_image","twitter_site":"@ensalzacom","twitter_misc":{"Tiempo de lectura":"3 minutos"},"schema":{"@context":"https:\/\/schema.org","@graph":[{"@type":"WebPage","@id":"https:\/\/www.ensalza.com\/blog\/diccionario\/que-es-isp\/","url":"https:\/\/www.ensalza.com\/blog\/diccionario\/que-es-isp\/","name":"\u00bfQu\u00e9 es ISP? - el blog donde las ideas toman forma","isPartOf":{"@id":"https:\/\/www.ensalza.com\/blog\/#website"},"primaryImageOfPage":{"@id":"https:\/\/www.ensalza.com\/blog\/diccionario\/que-es-isp\/#primaryimage"},"image":{"@id":"https:\/\/www.ensalza.com\/blog\/diccionario\/que-es-isp\/#primaryimage"},"thumbnailUrl":"https:\/\/www.ensalza.com\/blog\/wp-content\/uploads\/isp-650x425.jpg","datePublished":"2022-06-20T07:30:20+00:00","dateModified":"2022-06-20T07:34:52+00:00","description":"\u00bfQu\u00e9 es ISP? \u00bfQu\u00e9 debes tener en cuenta a la hora de elegir un buen ISP? \u00bfQu\u00e9 servicios ofrece? \u00a1Te lo contamos!","breadcrumb":{"@id":"https:\/\/www.ensalza.com\/blog\/diccionario\/que-es-isp\/#breadcrumb"},"inLanguage":"es","potentialAction":[{"@type":"ReadAction","target":["https:\/\/www.ensalza.com\/blog\/diccionario\/que-es-isp\/"]}]},{"@type":"ImageObject","inLanguage":"es","@id":"https:\/\/www.ensalza.com\/blog\/diccionario\/que-es-isp\/#primaryimage","url":"https:\/\/www.ensalza.com\/blog\/wp-content\/uploads\/isp.jpg","contentUrl":"https:\/\/www.ensalza.com\/blog\/wp-content\/uploads\/isp.jpg","width":2112,"height":1382,"caption":"\u00bfqu\u00e9 es ISP?"},{"@type":"BreadcrumbList","@id":"https:\/\/www.ensalza.com\/blog\/diccionario\/que-es-isp\/#breadcrumb","itemListElement":[{"@type":"ListItem","position":1,"name":"Inicio","item":"https:\/\/www.ensalza.com\/blog\/"},{"@type":"ListItem","position":2,"name":"Diccionario Ensalza","item":"https:\/\/www.ensalza.com\/blog\/diccionario\/"},{"@type":"ListItem","position":3,"name":"\u00bfQu\u00e9 es ISP?"}]},{"@type":"WebSite","@id":"https:\/\/www.ensalza.com\/blog\/#website","url":"https:\/\/www.ensalza.com\/blog\/","name":"el blog donde las ideas toman forma","description":"Somos Ensalza, una agencia diferente ;)","publisher":{"@id":"https:\/\/www.ensalza.com\/blog\/#organization"},"potentialAction":[{"@type":"SearchAction","target":{"@type":"EntryPoint","urlTemplate":"https:\/\/www.ensalza.com\/blog\/?s={search_term_string}"},"query-input":{"@type":"PropertyValueSpecification","valueRequired":true,"valueName":"search_term_string"}}],"inLanguage":"es"},{"@type":"Organization","@id":"https:\/\/www.ensalza.com\/blog\/#organization","name":"Ensalza: agencia de desarrollo y dise\u00f1o web Madrid","url":"https:\/\/www.ensalza.com\/blog\/","logo":{"@type":"ImageObject","inLanguage":"es","@id":"https:\/\/www.ensalza.com\/blog\/#\/schema\/logo\/image\/","url":"https:\/\/www.ensalza.com\/blog\/wp-content\/uploads\/logo-blog-ensalza-1.png","contentUrl":"https:\/\/www.ensalza.com\/blog\/wp-content\/uploads\/logo-blog-ensalza-1.png","width":521,"height":147,"caption":"Ensalza: agencia de desarrollo y dise\u00f1o web Madrid"},"image":{"@id":"https:\/\/www.ensalza.com\/blog\/#\/schema\/logo\/image\/"},"sameAs":["https:\/\/x.com\/ensalzacom","https:\/\/instagram.com\/ensalza","https:\/\/www.linkedin.com\/company\/ensalza"]},false]}},"yasr_visitor_votes":{"stars_attributes":{"read_only":false,"span_bottom":false},"number_of_votes":0,"sum_votes":0},"_links":{"self":[{"href":"https:\/\/www.ensalza.com\/blog\/wp-json\/wp\/v2\/pages\/16649","targetHints":{"allow":["GET"]}}],"collection":[{"href":"https:\/\/www.ensalza.com\/blog\/wp-json\/wp\/v2\/pages"}],"about":[{"href":"https:\/\/www.ensalza.com\/blog\/wp-json\/wp\/v2\/types\/page"}],"author":[{"embeddable":true,"href":"https:\/\/www.ensalza.com\/blog\/wp-json\/wp\/v2\/users\/16"}],"replies":[{"embeddable":true,"href":"https:\/\/www.ensalza.com\/blog\/wp-json\/wp\/v2\/comments?post=16649"}],"version-history":[{"count":9,"href":"https:\/\/www.ensalza.com\/blog\/wp-json\/wp\/v2\/pages\/16649\/revisions"}],"predecessor-version":[{"id":16667,"href":"https:\/\/www.ensalza.com\/blog\/wp-json\/wp\/v2\/pages\/16649\/revisions\/16667"}],"up":[{"embeddable":true,"href":"https:\/\/www.ensalza.com\/blog\/wp-json\/wp\/v2\/pages\/3908"}],"wp:attachment":[{"href":"https:\/\/www.ensalza.com\/blog\/wp-json\/wp\/v2\/media?parent=16649"}],"curies":[{"name":"wp","href":"https:\/\/api.w.org\/{rel}","templated":true}]}}