{"id":14671,"date":"2021-07-05T10:47:57","date_gmt":"2021-07-05T08:47:57","guid":{"rendered":"https:\/\/blog.ensalza.com\/?page_id=14671"},"modified":"2023-09-11T13:43:06","modified_gmt":"2023-09-11T11:43:06","slug":"que-es-una-url","status":"publish","type":"page","link":"https:\/\/www.ensalza.com\/blog\/diccionario\/que-es-una-url\/","title":{"rendered":"\u00bfQu\u00e9 es una URL?"},"content":{"rendered":"<p><span style=\"font-weight: 400;\">Seguro que a lo largo de todos estos a\u00f1os has o\u00eddo eso de <\/span><b>URL, link o enlace <\/b><span style=\"font-weight: 400;\">en m\u00e1s de una ocasi\u00f3n. Pero, \u00bfqu\u00e9 quiere decir realmente? \u00bfCu\u00e1l es su significado? \u00a1Lo vemos a continuaci\u00f3n!<\/span><\/p>\n<p><img fetchpriority=\"high\" decoding=\"async\" class=\" wp-image-14674 aligncenter\" src=\"https:\/\/blog.ensalza.com\/wp-content\/uploads\/que-es-url.jpg\" alt=\"ilustracion website\" width=\"416\" height=\"416\" srcset=\"https:\/\/www.ensalza.com\/blog\/wp-content\/uploads\/que-es-url.jpg 650w, https:\/\/www.ensalza.com\/blog\/wp-content\/uploads\/que-es-url-150x150.jpg 150w, https:\/\/www.ensalza.com\/blog\/wp-content\/uploads\/que-es-url-412x412.jpg 412w\" sizes=\"(max-width: 416px) 100vw, 416px\" \/><\/p>\n<h2><span style=\"font-weight: 400;\">\u00a0URL: qu\u00e9 es<\/span><\/h2>\n<p><span style=\"font-weight: 400;\">En el mundo web nos encontramos con muchos conceptos que es importante conocer, sobre todo para quienes no tienen mucho contacto con este mundo y buscan tener una buena base.<\/span><\/p>\n<p><span style=\"font-weight: 400;\">Uno de esos t\u00e9rminos b\u00e1sicos es el de URL, que en ingl\u00e9s viene a querer decir Uniform Resource Locator o <\/span><b>Localizador de Recursos Uniforme<\/b><span style=\"font-weight: 400;\">. Es decir, hace alusi\u00f3n a la direcci\u00f3n que se le da a cada recurso \u00fanico en la web. Vamos, que es una forma de nombrar o identificar a cada recurso.\u00a0<\/span><\/p>\n<p><span style=\"font-weight: 400;\">Estos recursos pueden ser diferentes. Es decir, puede ser una imagen, una p\u00e1gina web completa, un documento CSS, etc. Pero tambi\u00e9n puede darse el caso de que esa url redirija a otro sitio web a trav\u00e9s de una t\u00e9cnica de redirecci\u00f3n. Es decir, que escribamos una URL y autom\u00e1ticamente cargue otra y nos lleve a otro sitio, porque as\u00ed lo han decidido los webmasters.\u00a0<\/span><\/p>\n<h3><span style=\"font-weight: 400;\">Ejemplos de URL<\/span><\/h3>\n<p><iframe class=\"giphy-embed\" src=\"https:\/\/giphy.com\/embed\/1NSCwM9J7N2Pw1rTMX\" width=\"480\" height=\"480\" frameborder=\"0\" allowfullscreen=\"allowfullscreen\"><\/iframe><\/p>\n<p><span style=\"font-weight: 400;\">Te ponemos un ejemplo r\u00e1pido con nuestra web corporativa: la p\u00e1gina de inicio ser\u00eda <\/span><span style=\"font-weight: 400;\">https:\/\/www.ensalza.com<\/span><span style=\"font-weight: 400;\">. Al tratarse de un recurso \u00fanico, al teclearlo en la barra de navegaci\u00f3n te llevar\u00e1 hacia nuestra web.<\/span><\/p>\n<p><span style=\"font-weight: 400;\">Tambi\u00e9n es cierto que hay URLs m\u00e1s simples y m\u00e1s complejas. De base, partimos de HTTP y del dominio, como ocurre para el caso de nuestra agencia.<\/span><\/p>\n<ul>\n<li style=\"font-weight: 400;\" aria-level=\"1\"><b>HTTP:<\/b><span style=\"font-weight: 400;\"> es el protocolo; la primera parte de la URL que determina el protocolo que usa el navegador para intercambiar los datos. Por lo general, si un sitio web es seguro (recomendable hoy en d\u00eda), aparecer\u00e1 HTTPS.<\/span><\/li>\n<li style=\"font-weight: 400;\" aria-level=\"1\"><b>Nombre de dominio<\/b><span style=\"font-weight: 400;\">: lo que le sigue (en nuestro caso <\/span><span style=\"font-weight: 400;\">ensalza.com<\/span><span style=\"font-weight: 400;\">) es el nombre de dominio. Al ponerlo, le estamos enviando una petici\u00f3n de carga concreta al servidor web, aunque se podr\u00eda usar una IP.<\/span><\/li>\n<li aria-level=\"1\"><strong>Directorio<\/strong>: Tambi\u00e9n conocido como ruta, sirve para marcar el camino que se debe seguir en el servidor. Por ejemplo, la ruta de nuestro blog es \u00abblog.ensalza.com\u00bb.<\/li>\n<li aria-level=\"1\"><strong>Nombre del archivo<\/strong>: Es el par\u00e1metro que indica cu\u00e1l es el documento al que queremos llegar: \u00abque-es-url\u00bb.<\/li>\n<\/ul>\n<p><span style=\"font-weight: 400;\">A mayores de estos par\u00e1metros que act\u00faan de base, se pueden utilizar otros como el puerto, el path, etc. \u00a1Pero qu\u00e9date con estos y sigamos avanzando!<\/span><\/p>\n<h3><span style=\"font-weight: 400;\">La importancia de las URLs para los sitios web<\/span><\/h3>\n<p><span style=\"font-weight: 400;\">A la hora de crear una p\u00e1gina web, las URLs son muy importantes. Necesitar\u00e1s organizar tu sitio siguiendo una estructura adecuada y con un nombre que tenga gancho y que sea corto y f\u00e1cil de recordar, para hacerle todo m\u00e1s sencillo al cliente final. Por lo que, para empezar, deber\u00e1s <\/span><b><a href=\"https:\/\/blog.ensalza.com\/como-elegir-un-dominio\/\">buscar un nombre de dominio <\/a>\u00a0<\/b>y <b><a href=\"https:\/\/blog.ensalza.com\/elegir-hosting\/\">contratar un servicio de hosting<\/a><\/b><span style=\"font-weight: 400;\">.<\/span><\/p>\n<p><span style=\"font-weight: 400;\">Cuando lo tengas, es el momento de estructurar el sitio. Tu p\u00e1gina web principal (home o inicio) ser\u00e1 la que hayas establecido y el usuario podr\u00e1 navegar por las distintas URLs que hayas creado. Por ejemplo, pueden ser direcciones hacia la p\u00e1gina de <\/span><b>servicios, de contacto, de quienes somos<\/b><span style=\"font-weight: 400;\">, etc..\u00a0<\/span><\/p>\n<p><span style=\"font-weight: 400;\">Por lo tanto, conocer el significado de las URLs es b\u00e1sico para moverse hoy en d\u00eda por Internet, pero sobre todo de cara a crear un nuevo proyecto y guiar al usuario dentro de tu p\u00e1gina. Piensa que, cuando lo compartas, compartes la propia URL o enlace.<\/span><\/p>\n<p><span style=\"font-weight: 400;\">\u00bfTe ha quedado alguna duda? \u00bfNecesitas que realicemos una <a href=\"https:\/\/www.ensalza.com\/consultoria\/\">consultor\u00eda web<\/a> para comprobar si todas las URLs est\u00e1n optimizadas?\u00a0<\/span><\/p>\n","protected":false},"excerpt":{"rendered":"<p>Seguro que a lo largo de todos estos a\u00f1os has o\u00eddo eso de URL, link o enlace en m\u00e1s de una ocasi\u00f3n. Pero, \u00bfqu\u00e9 quiere decir realmente? \u00bfCu\u00e1l es su significado? \u00a1Lo vemos a continuaci\u00f3n! \u00a0URL: qu\u00e9 es En el mundo web nos encontramos con muchos conceptos que es importante conocer, sobre todo para quienes &#8230; <a title=\"\u00bfQu\u00e9 es una URL?\" class=\"read-more\" href=\"https:\/\/www.ensalza.com\/blog\/diccionario\/que-es-una-url\/\" aria-label=\"Leer m\u00e1s sobre \u00bfQu\u00e9 es una URL?\">Leer m\u00e1s<\/a><\/p>\n","protected":false},"author":16,"featured_media":14674,"parent":3908,"menu_order":0,"comment_status":"closed","ping_status":"closed","template":"","meta":{"yasr_overall_rating":0,"yasr_post_is_review":"","yasr_auto_insert_disabled":"","yasr_review_type":"BlogPosting","footnotes":""},"class_list":["post-14671","page","type-page","status-publish","has-post-thumbnail"],"yoast_head":"<!-- This site is optimized with the Yoast SEO plugin v27.3 - https:\/\/yoast.com\/product\/yoast-seo-wordpress\/ -->\n<title>\u00bfQu\u00e9 es una URL? - el blog donde las ideas toman forma<\/title>\n<meta name=\"description\" content=\"Te contamos todo sobre las URLS: qu\u00e9 son, para qu\u00e9 sirven, qu\u00e9 partes tienen, por qu\u00e9 son tan importantes en el mundo web...\u00a1Entra!\" \/>\n<meta name=\"robots\" content=\"index, follow, max-snippet:-1, max-image-preview:large, max-video-preview:-1\" \/>\n<link rel=\"canonical\" href=\"https:\/\/www.ensalza.com\/blog\/diccionario\/que-es-una-url\/\" \/>\n<meta property=\"og:locale\" content=\"es_ES\" \/>\n<meta property=\"og:type\" content=\"article\" \/>\n<meta property=\"og:title\" content=\"\u00bfQu\u00e9 es una URL? - el blog donde las ideas toman forma\" \/>\n<meta property=\"og:description\" content=\"Te contamos todo sobre las URLS: qu\u00e9 son, para qu\u00e9 sirven, qu\u00e9 partes tienen, por qu\u00e9 son tan importantes en el mundo web...\u00a1Entra!\" \/>\n<meta property=\"og:url\" content=\"https:\/\/www.ensalza.com\/blog\/diccionario\/que-es-una-url\/\" \/>\n<meta property=\"og:site_name\" content=\"el blog donde las ideas toman forma\" \/>\n<meta property=\"article:modified_time\" content=\"2023-09-11T11:43:06+00:00\" \/>\n<meta property=\"og:image\" content=\"https:\/\/www.ensalza.com\/blog\/wp-content\/uploads\/que-es-url.jpg\" \/>\n\t<meta property=\"og:image:width\" content=\"650\" \/>\n\t<meta property=\"og:image:height\" content=\"650\" \/>\n\t<meta property=\"og:image:type\" content=\"image\/jpeg\" \/>\n<meta name=\"twitter:card\" content=\"summary_large_image\" \/>\n<meta name=\"twitter:site\" content=\"@ensalzacom\" \/>\n<meta name=\"twitter:label1\" content=\"Tiempo de lectura\" \/>\n\t<meta name=\"twitter:data1\" content=\"3 minutos\" \/>\n<script type=\"application\/ld+json\" class=\"yoast-schema-graph\">{\"@context\":\"https:\\\/\\\/schema.org\",\"@graph\":[{\"@type\":\"WebPage\",\"@id\":\"https:\\\/\\\/www.ensalza.com\\\/blog\\\/diccionario\\\/que-es-una-url\\\/\",\"url\":\"https:\\\/\\\/www.ensalza.com\\\/blog\\\/diccionario\\\/que-es-una-url\\\/\",\"name\":\"\u00bfQu\u00e9 es una URL? - el blog donde las ideas toman forma\",\"isPartOf\":{\"@id\":\"https:\\\/\\\/www.ensalza.com\\\/blog\\\/#website\"},\"primaryImageOfPage\":{\"@id\":\"https:\\\/\\\/www.ensalza.com\\\/blog\\\/diccionario\\\/que-es-una-url\\\/#primaryimage\"},\"image\":{\"@id\":\"https:\\\/\\\/www.ensalza.com\\\/blog\\\/diccionario\\\/que-es-una-url\\\/#primaryimage\"},\"thumbnailUrl\":\"https:\\\/\\\/www.ensalza.com\\\/blog\\\/wp-content\\\/uploads\\\/que-es-url.jpg\",\"datePublished\":\"2021-07-05T08:47:57+00:00\",\"dateModified\":\"2023-09-11T11:43:06+00:00\",\"description\":\"Te contamos todo sobre las URLS: qu\u00e9 son, para qu\u00e9 sirven, qu\u00e9 partes tienen, por qu\u00e9 son tan importantes en el mundo web...\u00a1Entra!\",\"breadcrumb\":{\"@id\":\"https:\\\/\\\/www.ensalza.com\\\/blog\\\/diccionario\\\/que-es-una-url\\\/#breadcrumb\"},\"inLanguage\":\"es\",\"potentialAction\":[{\"@type\":\"ReadAction\",\"target\":[\"https:\\\/\\\/www.ensalza.com\\\/blog\\\/diccionario\\\/que-es-una-url\\\/\"]}]},{\"@type\":\"ImageObject\",\"inLanguage\":\"es\",\"@id\":\"https:\\\/\\\/www.ensalza.com\\\/blog\\\/diccionario\\\/que-es-una-url\\\/#primaryimage\",\"url\":\"https:\\\/\\\/www.ensalza.com\\\/blog\\\/wp-content\\\/uploads\\\/que-es-url.jpg\",\"contentUrl\":\"https:\\\/\\\/www.ensalza.com\\\/blog\\\/wp-content\\\/uploads\\\/que-es-url.jpg\",\"width\":650,\"height\":650,\"caption\":\"ilustracion website\"},{\"@type\":\"BreadcrumbList\",\"@id\":\"https:\\\/\\\/www.ensalza.com\\\/blog\\\/diccionario\\\/que-es-una-url\\\/#breadcrumb\",\"itemListElement\":[{\"@type\":\"ListItem\",\"position\":1,\"name\":\"Inicio\",\"item\":\"https:\\\/\\\/www.ensalza.com\\\/blog\\\/\"},{\"@type\":\"ListItem\",\"position\":2,\"name\":\"Diccionario Ensalza\",\"item\":\"https:\\\/\\\/www.ensalza.com\\\/blog\\\/diccionario\\\/\"},{\"@type\":\"ListItem\",\"position\":3,\"name\":\"\u00bfQu\u00e9 es una URL?\"}]},{\"@type\":\"WebSite\",\"@id\":\"https:\\\/\\\/www.ensalza.com\\\/blog\\\/#website\",\"url\":\"https:\\\/\\\/www.ensalza.com\\\/blog\\\/\",\"name\":\"el blog donde las ideas toman forma\",\"description\":\"Somos Ensalza, una agencia diferente ;)\",\"publisher\":{\"@id\":\"https:\\\/\\\/www.ensalza.com\\\/blog\\\/#organization\"},\"potentialAction\":[{\"@type\":\"SearchAction\",\"target\":{\"@type\":\"EntryPoint\",\"urlTemplate\":\"https:\\\/\\\/www.ensalza.com\\\/blog\\\/?s={search_term_string}\"},\"query-input\":{\"@type\":\"PropertyValueSpecification\",\"valueRequired\":true,\"valueName\":\"search_term_string\"}}],\"inLanguage\":\"es\"},{\"@type\":\"Organization\",\"@id\":\"https:\\\/\\\/www.ensalza.com\\\/blog\\\/#organization\",\"name\":\"Ensalza: agencia de desarrollo y dise\u00f1o web Madrid\",\"url\":\"https:\\\/\\\/www.ensalza.com\\\/blog\\\/\",\"logo\":{\"@type\":\"ImageObject\",\"inLanguage\":\"es\",\"@id\":\"https:\\\/\\\/www.ensalza.com\\\/blog\\\/#\\\/schema\\\/logo\\\/image\\\/\",\"url\":\"https:\\\/\\\/www.ensalza.com\\\/blog\\\/wp-content\\\/uploads\\\/logo-blog-ensalza-1.png\",\"contentUrl\":\"https:\\\/\\\/www.ensalza.com\\\/blog\\\/wp-content\\\/uploads\\\/logo-blog-ensalza-1.png\",\"width\":521,\"height\":147,\"caption\":\"Ensalza: agencia de desarrollo y dise\u00f1o web Madrid\"},\"image\":{\"@id\":\"https:\\\/\\\/www.ensalza.com\\\/blog\\\/#\\\/schema\\\/logo\\\/image\\\/\"},\"sameAs\":[\"https:\\\/\\\/x.com\\\/ensalzacom\",\"https:\\\/\\\/instagram.com\\\/ensalza\",\"https:\\\/\\\/www.linkedin.com\\\/company\\\/ensalza\"]},false]}<\/script>\n<!-- \/ Yoast SEO plugin. -->","yoast_head_json":{"title":"\u00bfQu\u00e9 es una URL? - el blog donde las ideas toman forma","description":"Te contamos todo sobre las URLS: qu\u00e9 son, para qu\u00e9 sirven, qu\u00e9 partes tienen, por qu\u00e9 son tan importantes en el mundo web...\u00a1Entra!","robots":{"index":"index","follow":"follow","max-snippet":"max-snippet:-1","max-image-preview":"max-image-preview:large","max-video-preview":"max-video-preview:-1"},"canonical":"https:\/\/www.ensalza.com\/blog\/diccionario\/que-es-una-url\/","og_locale":"es_ES","og_type":"article","og_title":"\u00bfQu\u00e9 es una URL? - el blog donde las ideas toman forma","og_description":"Te contamos todo sobre las URLS: qu\u00e9 son, para qu\u00e9 sirven, qu\u00e9 partes tienen, por qu\u00e9 son tan importantes en el mundo web...\u00a1Entra!","og_url":"https:\/\/www.ensalza.com\/blog\/diccionario\/que-es-una-url\/","og_site_name":"el blog donde las ideas toman forma","article_modified_time":"2023-09-11T11:43:06+00:00","og_image":[{"width":650,"height":650,"url":"https:\/\/www.ensalza.com\/blog\/wp-content\/uploads\/que-es-url.jpg","type":"image\/jpeg"}],"twitter_card":"summary_large_image","twitter_site":"@ensalzacom","twitter_misc":{"Tiempo de lectura":"3 minutos"},"schema":{"@context":"https:\/\/schema.org","@graph":[{"@type":"WebPage","@id":"https:\/\/www.ensalza.com\/blog\/diccionario\/que-es-una-url\/","url":"https:\/\/www.ensalza.com\/blog\/diccionario\/que-es-una-url\/","name":"\u00bfQu\u00e9 es una URL? - el blog donde las ideas toman forma","isPartOf":{"@id":"https:\/\/www.ensalza.com\/blog\/#website"},"primaryImageOfPage":{"@id":"https:\/\/www.ensalza.com\/blog\/diccionario\/que-es-una-url\/#primaryimage"},"image":{"@id":"https:\/\/www.ensalza.com\/blog\/diccionario\/que-es-una-url\/#primaryimage"},"thumbnailUrl":"https:\/\/www.ensalza.com\/blog\/wp-content\/uploads\/que-es-url.jpg","datePublished":"2021-07-05T08:47:57+00:00","dateModified":"2023-09-11T11:43:06+00:00","description":"Te contamos todo sobre las URLS: qu\u00e9 son, para qu\u00e9 sirven, qu\u00e9 partes tienen, por qu\u00e9 son tan importantes en el mundo web...\u00a1Entra!","breadcrumb":{"@id":"https:\/\/www.ensalza.com\/blog\/diccionario\/que-es-una-url\/#breadcrumb"},"inLanguage":"es","potentialAction":[{"@type":"ReadAction","target":["https:\/\/www.ensalza.com\/blog\/diccionario\/que-es-una-url\/"]}]},{"@type":"ImageObject","inLanguage":"es","@id":"https:\/\/www.ensalza.com\/blog\/diccionario\/que-es-una-url\/#primaryimage","url":"https:\/\/www.ensalza.com\/blog\/wp-content\/uploads\/que-es-url.jpg","contentUrl":"https:\/\/www.ensalza.com\/blog\/wp-content\/uploads\/que-es-url.jpg","width":650,"height":650,"caption":"ilustracion website"},{"@type":"BreadcrumbList","@id":"https:\/\/www.ensalza.com\/blog\/diccionario\/que-es-una-url\/#breadcrumb","itemListElement":[{"@type":"ListItem","position":1,"name":"Inicio","item":"https:\/\/www.ensalza.com\/blog\/"},{"@type":"ListItem","position":2,"name":"Diccionario Ensalza","item":"https:\/\/www.ensalza.com\/blog\/diccionario\/"},{"@type":"ListItem","position":3,"name":"\u00bfQu\u00e9 es una URL?"}]},{"@type":"WebSite","@id":"https:\/\/www.ensalza.com\/blog\/#website","url":"https:\/\/www.ensalza.com\/blog\/","name":"el blog donde las ideas toman forma","description":"Somos Ensalza, una agencia diferente ;)","publisher":{"@id":"https:\/\/www.ensalza.com\/blog\/#organization"},"potentialAction":[{"@type":"SearchAction","target":{"@type":"EntryPoint","urlTemplate":"https:\/\/www.ensalza.com\/blog\/?s={search_term_string}"},"query-input":{"@type":"PropertyValueSpecification","valueRequired":true,"valueName":"search_term_string"}}],"inLanguage":"es"},{"@type":"Organization","@id":"https:\/\/www.ensalza.com\/blog\/#organization","name":"Ensalza: agencia de desarrollo y dise\u00f1o web Madrid","url":"https:\/\/www.ensalza.com\/blog\/","logo":{"@type":"ImageObject","inLanguage":"es","@id":"https:\/\/www.ensalza.com\/blog\/#\/schema\/logo\/image\/","url":"https:\/\/www.ensalza.com\/blog\/wp-content\/uploads\/logo-blog-ensalza-1.png","contentUrl":"https:\/\/www.ensalza.com\/blog\/wp-content\/uploads\/logo-blog-ensalza-1.png","width":521,"height":147,"caption":"Ensalza: agencia de desarrollo y dise\u00f1o web Madrid"},"image":{"@id":"https:\/\/www.ensalza.com\/blog\/#\/schema\/logo\/image\/"},"sameAs":["https:\/\/x.com\/ensalzacom","https:\/\/instagram.com\/ensalza","https:\/\/www.linkedin.com\/company\/ensalza"]},false]}},"yasr_visitor_votes":{"stars_attributes":{"read_only":false,"span_bottom":false},"number_of_votes":0,"sum_votes":0},"_links":{"self":[{"href":"https:\/\/www.ensalza.com\/blog\/wp-json\/wp\/v2\/pages\/14671","targetHints":{"allow":["GET"]}}],"collection":[{"href":"https:\/\/www.ensalza.com\/blog\/wp-json\/wp\/v2\/pages"}],"about":[{"href":"https:\/\/www.ensalza.com\/blog\/wp-json\/wp\/v2\/types\/page"}],"author":[{"embeddable":true,"href":"https:\/\/www.ensalza.com\/blog\/wp-json\/wp\/v2\/users\/16"}],"replies":[{"embeddable":true,"href":"https:\/\/www.ensalza.com\/blog\/wp-json\/wp\/v2\/comments?post=14671"}],"version-history":[{"count":5,"href":"https:\/\/www.ensalza.com\/blog\/wp-json\/wp\/v2\/pages\/14671\/revisions"}],"predecessor-version":[{"id":18865,"href":"https:\/\/www.ensalza.com\/blog\/wp-json\/wp\/v2\/pages\/14671\/revisions\/18865"}],"up":[{"embeddable":true,"href":"https:\/\/www.ensalza.com\/blog\/wp-json\/wp\/v2\/pages\/3908"}],"wp:featuredmedia":[{"embeddable":true,"href":"https:\/\/www.ensalza.com\/blog\/wp-json\/wp\/v2\/media\/14674"}],"wp:attachment":[{"href":"https:\/\/www.ensalza.com\/blog\/wp-json\/wp\/v2\/media?parent=14671"}],"curies":[{"name":"wp","href":"https:\/\/api.w.org\/{rel}","templated":true}]}}