{"id":11605,"date":"2019-07-15T12:05:18","date_gmt":"2019-07-15T10:05:18","guid":{"rendered":"https:\/\/blog.ensalza.com\/?page_id=11605"},"modified":"2026-03-25T17:32:33","modified_gmt":"2026-03-25T16:32:33","slug":"que-es-el-hosting","status":"publish","type":"page","link":"https:\/\/www.ensalza.com\/blog\/diccionario\/que-es-el-hosting\/","title":{"rendered":"\u00bfQu\u00e9 es el Hosting?"},"content":{"rendered":"<p>Seguramente sepas que para tener una p\u00e1gina web necesitas contratar un hosting. Pero, \u00bfsabes qu\u00e9 es exactamente un hosting?<\/p>\n<h2>\u00bfQu\u00e9 es el hosting?<\/h2>\n<p>Un hosting es un servicio online que te permite <strong>almacenar una p\u00e1gina web en Internet<\/strong>. Cuando compras este servicio, alquilas un espacio en un servidor mediante el cual puedes almacenar archivos y datos para que funcione bien.<\/p>\n<p>El proveedor de hosting es el responsable de mantener el servidor en activo, en funcionamiento en todo momento; para mostrar el contenido desde el servidor a los navegadores de los usuarios que entren en tu sitio web.<\/p>\n<p>&nbsp;<\/p>\n<h3>\u00bfQu\u00e9 tipos de hosting existen?<\/h3>\n<p>Los tipos de hosting m\u00e1s comunes son los siguientes:<\/p>\n<ul>\n<li>Hosting <strong>Compartido<\/strong><\/li>\n<li>Hosting <strong>WordPress<\/strong><\/li>\n<li>Hosting <strong>VPS<\/strong><\/li>\n<li>Hosting <strong>en la nube<\/strong><\/li>\n<li>Hosting con un <strong>servidor dedicado<\/strong><\/li>\n<\/ul>\n<p>Estos hosting est\u00e1n enfocados a satisfacer las distintas necesidades de los usuarios, en base al proyecto que tengan en mente montar: una p\u00e1gina web est\u00e1tica, una din\u00e1mica, una tienda online, varias p\u00e1ginas en un mismo servidor, etc.<\/p>\n<p>&nbsp;<\/p>\n<h3>\u00bfPor qu\u00e9 tipo de hosting empezar?<\/h3>\n<p>Todo depende de la magnitud de tu proyecto. Normalmente, se suele empezar por un hosting compartido. Y en el momento en el que el proyecto crece, se salta a un hosting m\u00e1s avanzado. Al fin y al cabo, lo puedes ampliar en cualquier momento. Por lo que lo ideal es empezar por uno m\u00e1s b\u00e1sico e ir <strong>ampli\u00e1ndolo en base a las nuevas necesidades<\/strong> que vayan surgiendo.<\/p>\n<p>&nbsp;<\/p>\n<h3>\u00bfC\u00f3mo contratar un hosting?<\/h3>\n<p>Para contratar un hosting necesitas ponerte en contacto con una empresa de proveedor de hosting. Hoy en d\u00eda es posible encontrar muchas de gran reputaci\u00f3n. Ahora bien, si nos preguntas a nosotros <strong><a href=\"https:\/\/blog.ensalza.com\/elegir-hosting\/\">tenemos claro a qui\u00e9n te recomendar\u00edamos<\/a><\/strong>.<\/p>\n<p>\u00bfCu\u00e1l elegir? Compara precios y opta por la que m\u00e1s se ajuste a lo que buscas. Ten en cuenta que algunas ofrecen promociones muy tentadoras para el primer a\u00f1o.<\/p>\n<p>Asimismo, algunas regalan el dominio gratis y el certificado https, mientras que en otros hosting es de pago. Por lo que deber\u00e1s tener todo en cuenta para conseguir la <strong>mejor relaci\u00f3n calidad-precio<\/strong> posible con tu compra.<\/p>\n<p>Una vez hayas elegido el hosting, tendr\u00e1s que crearte una cuenta y migrar tu web. Algunas plataformas tambi\u00e9n te realizan la migraci\u00f3n de forma gratuita.<\/p>\n<p>&nbsp;<\/p>\n<h3>\u00a1No lo confundas con el dominio!<\/h3>\n<p>El hosting y el dominio pueden ir juntos o separados, pero son cosas independientes. <strong><a href=\"https:\/\/blog.ensalza.com\/como-elegir-un-dominio\/\">El dominio es el nombre de tu p\u00e1gina web<\/a><\/strong>. Concretamente, \u201cun nombre \u00fanico que identifica a un sitio web en Internet\u201d. Por lo que deber\u00e1s comprarlo en la extensi\u00f3n deseada (preferiblemente .com debido a que es la universal) y vincularlo al hosting (apuntando las DNS).<\/p>\n","protected":false},"excerpt":{"rendered":"<p>Seguramente sepas que para tener una p\u00e1gina web necesitas contratar un hosting. Pero, \u00bfsabes qu\u00e9 es exactamente un hosting? \u00bfQu\u00e9 es el hosting? Un hosting es un servicio online que te permite almacenar una p\u00e1gina web en Internet. Cuando compras este servicio, alquilas un espacio en un servidor mediante el cual puedes almacenar archivos y &#8230; <a title=\"\u00bfQu\u00e9 es el Hosting?\" class=\"read-more\" href=\"https:\/\/www.ensalza.com\/blog\/diccionario\/que-es-el-hosting\/\" aria-label=\"Leer m\u00e1s sobre \u00bfQu\u00e9 es el Hosting?\">Leer m\u00e1s<\/a><\/p>\n","protected":false},"author":9,"featured_media":0,"parent":3908,"menu_order":0,"comment_status":"closed","ping_status":"closed","template":"","meta":{"yasr_overall_rating":0,"yasr_post_is_review":"","yasr_auto_insert_disabled":"","yasr_review_type":"BlogPosting","footnotes":""},"class_list":["post-11605","page","type-page","status-publish"],"yoast_head":"<!-- This site is optimized with the Yoast SEO plugin v27.3 - https:\/\/yoast.com\/product\/yoast-seo-wordpress\/ -->\n<title>\u00bfQu\u00e9 es el Hosting? - el blog donde las ideas toman forma<\/title>\n<meta name=\"description\" content=\"Seguramente sepas que para tener una p\u00e1gina web necesitas contratar un servicio de hosting. Pero, \u00bfsabes qu\u00e9 es exactamente?\" \/>\n<meta name=\"robots\" content=\"noindex, follow\" \/>\n<meta property=\"og:locale\" content=\"es_ES\" \/>\n<meta property=\"og:type\" content=\"article\" \/>\n<meta property=\"og:title\" content=\"\u00bfQu\u00e9 es el Hosting? - el blog donde las ideas toman forma\" \/>\n<meta property=\"og:description\" content=\"Seguramente sepas que para tener una p\u00e1gina web necesitas contratar un servicio de hosting. Pero, \u00bfsabes qu\u00e9 es exactamente?\" \/>\n<meta property=\"og:url\" content=\"https:\/\/www.ensalza.com\/blog\/diccionario\/que-es-el-hosting\/\" \/>\n<meta property=\"og:site_name\" content=\"el blog donde las ideas toman forma\" \/>\n<meta property=\"article:modified_time\" content=\"2026-03-25T16:32:33+00:00\" \/>\n<meta property=\"og:image\" content=\"https:\/\/www.ensalza.com\/blog\/wp-content\/uploads\/HOME-Ensalza-Header.jpg\" \/>\n\t<meta property=\"og:image:width\" content=\"1024\" \/>\n\t<meta property=\"og:image:height\" content=\"513\" \/>\n\t<meta property=\"og:image:type\" content=\"image\/jpeg\" \/>\n<meta name=\"twitter:card\" content=\"summary_large_image\" \/>\n<meta name=\"twitter:site\" content=\"@ensalzacom\" \/>\n<meta name=\"twitter:label1\" content=\"Tiempo de lectura\" \/>\n\t<meta name=\"twitter:data1\" content=\"2 minutos\" \/>\n<script type=\"application\/ld+json\" class=\"yoast-schema-graph\">{\"@context\":\"https:\\\/\\\/schema.org\",\"@graph\":[{\"@type\":\"WebPage\",\"@id\":\"https:\\\/\\\/www.ensalza.com\\\/blog\\\/diccionario\\\/que-es-el-hosting\\\/\",\"url\":\"https:\\\/\\\/www.ensalza.com\\\/blog\\\/diccionario\\\/que-es-el-hosting\\\/\",\"name\":\"\u00bfQu\u00e9 es el Hosting? - el blog donde las ideas toman forma\",\"isPartOf\":{\"@id\":\"https:\\\/\\\/www.ensalza.com\\\/blog\\\/#website\"},\"datePublished\":\"2019-07-15T10:05:18+00:00\",\"dateModified\":\"2026-03-25T16:32:33+00:00\",\"description\":\"Seguramente sepas que para tener una p\u00e1gina web necesitas contratar un servicio de hosting. Pero, \u00bfsabes qu\u00e9 es exactamente?\",\"breadcrumb\":{\"@id\":\"https:\\\/\\\/www.ensalza.com\\\/blog\\\/diccionario\\\/que-es-el-hosting\\\/#breadcrumb\"},\"inLanguage\":\"es\",\"potentialAction\":[{\"@type\":\"ReadAction\",\"target\":[\"https:\\\/\\\/www.ensalza.com\\\/blog\\\/diccionario\\\/que-es-el-hosting\\\/\"]}]},{\"@type\":\"BreadcrumbList\",\"@id\":\"https:\\\/\\\/www.ensalza.com\\\/blog\\\/diccionario\\\/que-es-el-hosting\\\/#breadcrumb\",\"itemListElement\":[{\"@type\":\"ListItem\",\"position\":1,\"name\":\"Inicio\",\"item\":\"https:\\\/\\\/www.ensalza.com\\\/blog\\\/\"},{\"@type\":\"ListItem\",\"position\":2,\"name\":\"Diccionario Ensalza\",\"item\":\"https:\\\/\\\/www.ensalza.com\\\/blog\\\/diccionario\\\/\"},{\"@type\":\"ListItem\",\"position\":3,\"name\":\"\u00bfQu\u00e9 es el Hosting?\"}]},{\"@type\":\"WebSite\",\"@id\":\"https:\\\/\\\/www.ensalza.com\\\/blog\\\/#website\",\"url\":\"https:\\\/\\\/www.ensalza.com\\\/blog\\\/\",\"name\":\"el blog donde las ideas toman forma\",\"description\":\"Somos Ensalza, una agencia diferente ;)\",\"publisher\":{\"@id\":\"https:\\\/\\\/www.ensalza.com\\\/blog\\\/#organization\"},\"potentialAction\":[{\"@type\":\"SearchAction\",\"target\":{\"@type\":\"EntryPoint\",\"urlTemplate\":\"https:\\\/\\\/www.ensalza.com\\\/blog\\\/?s={search_term_string}\"},\"query-input\":{\"@type\":\"PropertyValueSpecification\",\"valueRequired\":true,\"valueName\":\"search_term_string\"}}],\"inLanguage\":\"es\"},{\"@type\":\"Organization\",\"@id\":\"https:\\\/\\\/www.ensalza.com\\\/blog\\\/#organization\",\"name\":\"Ensalza: agencia de desarrollo y dise\u00f1o web Madrid\",\"url\":\"https:\\\/\\\/www.ensalza.com\\\/blog\\\/\",\"logo\":{\"@type\":\"ImageObject\",\"inLanguage\":\"es\",\"@id\":\"https:\\\/\\\/www.ensalza.com\\\/blog\\\/#\\\/schema\\\/logo\\\/image\\\/\",\"url\":\"https:\\\/\\\/www.ensalza.com\\\/blog\\\/wp-content\\\/uploads\\\/logo-blog-ensalza-1.png\",\"contentUrl\":\"https:\\\/\\\/www.ensalza.com\\\/blog\\\/wp-content\\\/uploads\\\/logo-blog-ensalza-1.png\",\"width\":521,\"height\":147,\"caption\":\"Ensalza: agencia de desarrollo y dise\u00f1o web Madrid\"},\"image\":{\"@id\":\"https:\\\/\\\/www.ensalza.com\\\/blog\\\/#\\\/schema\\\/logo\\\/image\\\/\"},\"sameAs\":[\"https:\\\/\\\/x.com\\\/ensalzacom\",\"https:\\\/\\\/instagram.com\\\/ensalza\",\"https:\\\/\\\/www.linkedin.com\\\/company\\\/ensalza\"]},false]}<\/script>\n<!-- \/ Yoast SEO plugin. -->","yoast_head_json":{"title":"\u00bfQu\u00e9 es el Hosting? - el blog donde las ideas toman forma","description":"Seguramente sepas que para tener una p\u00e1gina web necesitas contratar un servicio de hosting. Pero, \u00bfsabes qu\u00e9 es exactamente?","robots":{"index":"noindex","follow":"follow"},"og_locale":"es_ES","og_type":"article","og_title":"\u00bfQu\u00e9 es el Hosting? - el blog donde las ideas toman forma","og_description":"Seguramente sepas que para tener una p\u00e1gina web necesitas contratar un servicio de hosting. Pero, \u00bfsabes qu\u00e9 es exactamente?","og_url":"https:\/\/www.ensalza.com\/blog\/diccionario\/que-es-el-hosting\/","og_site_name":"el blog donde las ideas toman forma","article_modified_time":"2026-03-25T16:32:33+00:00","og_image":[{"width":1024,"height":513,"url":"https:\/\/www.ensalza.com\/blog\/wp-content\/uploads\/HOME-Ensalza-Header.jpg","type":"image\/jpeg"}],"twitter_card":"summary_large_image","twitter_site":"@ensalzacom","twitter_misc":{"Tiempo de lectura":"2 minutos"},"schema":{"@context":"https:\/\/schema.org","@graph":[{"@type":"WebPage","@id":"https:\/\/www.ensalza.com\/blog\/diccionario\/que-es-el-hosting\/","url":"https:\/\/www.ensalza.com\/blog\/diccionario\/que-es-el-hosting\/","name":"\u00bfQu\u00e9 es el Hosting? - el blog donde las ideas toman forma","isPartOf":{"@id":"https:\/\/www.ensalza.com\/blog\/#website"},"datePublished":"2019-07-15T10:05:18+00:00","dateModified":"2026-03-25T16:32:33+00:00","description":"Seguramente sepas que para tener una p\u00e1gina web necesitas contratar un servicio de hosting. Pero, \u00bfsabes qu\u00e9 es exactamente?","breadcrumb":{"@id":"https:\/\/www.ensalza.com\/blog\/diccionario\/que-es-el-hosting\/#breadcrumb"},"inLanguage":"es","potentialAction":[{"@type":"ReadAction","target":["https:\/\/www.ensalza.com\/blog\/diccionario\/que-es-el-hosting\/"]}]},{"@type":"BreadcrumbList","@id":"https:\/\/www.ensalza.com\/blog\/diccionario\/que-es-el-hosting\/#breadcrumb","itemListElement":[{"@type":"ListItem","position":1,"name":"Inicio","item":"https:\/\/www.ensalza.com\/blog\/"},{"@type":"ListItem","position":2,"name":"Diccionario Ensalza","item":"https:\/\/www.ensalza.com\/blog\/diccionario\/"},{"@type":"ListItem","position":3,"name":"\u00bfQu\u00e9 es el Hosting?"}]},{"@type":"WebSite","@id":"https:\/\/www.ensalza.com\/blog\/#website","url":"https:\/\/www.ensalza.com\/blog\/","name":"el blog donde las ideas toman forma","description":"Somos Ensalza, una agencia diferente ;)","publisher":{"@id":"https:\/\/www.ensalza.com\/blog\/#organization"},"potentialAction":[{"@type":"SearchAction","target":{"@type":"EntryPoint","urlTemplate":"https:\/\/www.ensalza.com\/blog\/?s={search_term_string}"},"query-input":{"@type":"PropertyValueSpecification","valueRequired":true,"valueName":"search_term_string"}}],"inLanguage":"es"},{"@type":"Organization","@id":"https:\/\/www.ensalza.com\/blog\/#organization","name":"Ensalza: agencia de desarrollo y dise\u00f1o web Madrid","url":"https:\/\/www.ensalza.com\/blog\/","logo":{"@type":"ImageObject","inLanguage":"es","@id":"https:\/\/www.ensalza.com\/blog\/#\/schema\/logo\/image\/","url":"https:\/\/www.ensalza.com\/blog\/wp-content\/uploads\/logo-blog-ensalza-1.png","contentUrl":"https:\/\/www.ensalza.com\/blog\/wp-content\/uploads\/logo-blog-ensalza-1.png","width":521,"height":147,"caption":"Ensalza: agencia de desarrollo y dise\u00f1o web Madrid"},"image":{"@id":"https:\/\/www.ensalza.com\/blog\/#\/schema\/logo\/image\/"},"sameAs":["https:\/\/x.com\/ensalzacom","https:\/\/instagram.com\/ensalza","https:\/\/www.linkedin.com\/company\/ensalza"]},false]}},"yasr_visitor_votes":{"stars_attributes":{"read_only":false,"span_bottom":false},"number_of_votes":2,"sum_votes":8},"_links":{"self":[{"href":"https:\/\/www.ensalza.com\/blog\/wp-json\/wp\/v2\/pages\/11605","targetHints":{"allow":["GET"]}}],"collection":[{"href":"https:\/\/www.ensalza.com\/blog\/wp-json\/wp\/v2\/pages"}],"about":[{"href":"https:\/\/www.ensalza.com\/blog\/wp-json\/wp\/v2\/types\/page"}],"author":[{"embeddable":true,"href":"https:\/\/www.ensalza.com\/blog\/wp-json\/wp\/v2\/users\/9"}],"replies":[{"embeddable":true,"href":"https:\/\/www.ensalza.com\/blog\/wp-json\/wp\/v2\/comments?post=11605"}],"version-history":[{"count":5,"href":"https:\/\/www.ensalza.com\/blog\/wp-json\/wp\/v2\/pages\/11605\/revisions"}],"predecessor-version":[{"id":14658,"href":"https:\/\/www.ensalza.com\/blog\/wp-json\/wp\/v2\/pages\/11605\/revisions\/14658"}],"up":[{"embeddable":true,"href":"https:\/\/www.ensalza.com\/blog\/wp-json\/wp\/v2\/pages\/3908"}],"wp:attachment":[{"href":"https:\/\/www.ensalza.com\/blog\/wp-json\/wp\/v2\/media?parent=11605"}],"curies":[{"name":"wp","href":"https:\/\/api.w.org\/{rel}","templated":true}]}}